{"id":85,"date":"2016-11-12T15:52:06","date_gmt":"2016-11-12T17:52:06","guid":{"rendered":"http:\/\/mapasacademicos.com.br\/site\/?page_id=85"},"modified":"2016-11-12T15:52:06","modified_gmt":"2016-11-12T17:52:06","slug":"fotos-de-satelite-dos-municipios-do-acre","status":"publish","type":"page","link":"https:\/\/mapasacademicos.com.br\/site\/fotos-de-satelite-dos-municipios-do-acre\/","title":{"rendered":"Fotos de sat\u00e9lite dos munic\u00edpios do Acre"},"content":{"rendered":"<p style=\"text-align: justify;\">Selecione um munic\u00edpio do seu interesse e o sistema recuperar\u00e1 a folha de maior escala onde o centro da sede municipal se encontra. Eventualmente, pode ocorrer mais de uma cidade numa mesma folha.<\/p>\n<ul>\n<li style=\"text-align: justify;\"><a href=\"http:\/\/www.mapa-brasil.com\/Foto_Imagem_Satelite_Estado_Acre_Brasil.htm\">Estado do Acre<\/a><\/li>\n<li><a href=\"http:\/\/www.cdbrasil.cnpm.embrapa.br\/ac\/htm0\/ac15_32.htm\" rel=\"nofollow\">Acrelandia<\/a><\/li>\n<li><a href=\"http:\/\/www.cdbrasil.cnpm.embrapa.br\/ac\/htm0\/ac19_21.htm\" rel=\"nofollow\">Assis Brasil<\/a><\/li>\n<li><a href=\"http:\/\/www.cdbrasil.cnpm.embrapa.br\/ac\/htm0\/ac20_25.htm\" rel=\"nofollow\">Brasileia<\/a><\/li>\n<li><a href=\"http:\/\/www.cdbrasil.cnpm.embrapa.br\/ac\/htm0\/ac15_28.htm\" rel=\"nofollow\">Bujari<\/a><\/li>\n<li><a href=\"http:\/\/www.cdbrasil.cnpm.embrapa.br\/ac\/htm0\/ac18_29.htm\" rel=\"nofollow\">Capixaba<\/a><\/li>\n<li><a href=\"http:\/\/www.cdbrasil.cnpm.embrapa.br\/ac\/htm0\/ac06_09.htm\" rel=\"nofollow\">Cruzeiro do Sul<\/a><\/li>\n<li><a href=\"http:\/\/www.cdbrasil.cnpm.embrapa.br\/ac\/htm0\/ac20_25.htm\" rel=\"nofollow\">Epitaciolandia<\/a><\/li>\n<li><a href=\"http:\/\/www.cdbrasil.cnpm.embrapa.br\/ac\/htm0\/ac08_18.htm\" rel=\"nofollow\">Feijo<\/a><\/li>\n<li><a href=\"http:\/\/www.cdbrasil.cnpm.embrapa.br\/ac\/htm0\/ac13_12.htm\" rel=\"nofollow\">Jordao<\/a><\/li>\n<li><a href=\"http:\/\/www.cdbrasil.cnpm.embrapa.br\/ac\/htm0\/ac06_08.htm\" rel=\"nofollow\">Mancio Lima<\/a><\/li>\n<li><a href=\"http:\/\/www.cdbrasil.cnpm.embrapa.br\/ac\/htm0\/ac11_22.htm\" rel=\"nofollow\">Manoel Urbano<\/a><\/li>\n<li><a href=\"http:\/\/www.cdbrasil.cnpm.embrapa.br\/ac\/htm0\/ac11_08.htm\" rel=\"nofollow\">Marechal Thaumaturgo<\/a><\/li>\n<li><a href=\"http:\/\/www.cdbrasil.cnpm.embrapa.br\/ac\/htm0\/ac17_31.htm\" rel=\"nofollow\">Placido de Castro<\/a><\/li>\n<li><a href=\"http:\/\/www.cdbrasil.cnpm.embrapa.br\/ac\/htm0\/ac14_29.htm\" rel=\"nofollow\">Porto Acre<\/a><\/li>\n<li><a href=\"http:\/\/www.cdbrasil.cnpm.embrapa.br\/ac\/htm0\/ac09_09.htm\" rel=\"nofollow\">Porto Walter<\/a><\/li>\n<li><a href=\"http:\/\/www.mapa-brasil.com\/Foto_Imagem_Satelite_Regiao_Rio_Branco_Estado_Acre_Brasil.htm\">Rio Branco<\/a>\u00a01<\/li>\n<li><a href=\"http:\/\/www.mapa-brasil.com\/Foto_Imagem_Satelite_Rio_Branco_Estado_Acre_Brasil.htm\">Rio Branco<\/a>\u00a02<\/li>\n<li><a href=\"http:\/\/www.cdbrasil.cnpm.embrapa.br\/ac\/htm0\/ac15_28.htm\" rel=\"nofollow\">Rio Branco<\/a>\u00a03<\/li>\n<li><a href=\"http:\/\/www.cdbrasil.cnpm.embrapa.br\/ac\/htm0\/ac06_09.htm\" rel=\"nofollow\">Rodrigues Alves<\/a><\/li>\n<li><a href=\"http:\/\/www.cdbrasil.cnpm.embrapa.br\/ac\/htm0\/ac13_18.htm\" rel=\"nofollow\">Santa Rosa do Purus<\/a><\/li>\n<li><a href=\"http:\/\/www.cdbrasil.cnpm.embrapa.br\/ac\/htm0\/ac12_25.htm\" rel=\"nofollow\">Sena Madureira<\/a><\/li>\n<li><a href=\"http:\/\/www.cdbrasil.cnpm.embrapa.br\/ac\/htm0\/ac16_29.htm\" rel=\"nofollow\">Senador Guiomard<\/a><\/li>\n<li><a href=\"http:\/\/www.cdbrasil.cnpm.embrapa.br\/ac\/htm0\/ac08_16.htm\" rel=\"nofollow\">Tarauaca<\/a><\/li>\n<li><a href=\"http:\/\/www.cdbrasil.cnpm.embrapa.br\/ac\/htm0\/ac18_25.htm\" rel=\"nofollow\">Xapuri<\/a><\/li>\n<\/ul>\n<div>\n<hr \/>\n<p>Refer\u00eancia:<\/p>\n<p>MIRANDA, E. E. de; COUTINHO, A. C. (Coord.).\u00a0\u00a0<strong>Brasil Visto do Espa\u00e7o.<\/strong>\u00a0\u00a0Campinas: Embrapa Monitoramento por Sat\u00e9lite, 2004.\u00a0\u00a0Dispon\u00edvel em: &lt;http:\/\/www.cdbrasil.cnpm.embrapa.br&gt;.\u00a0\u00a0Acesso em: 23 set. 2014.<\/div>\n","protected":false},"excerpt":{"rendered":"<p>Selecione um munic\u00edpio do seu interesse e o sistema recuperar\u00e1 a folha de maior escala onde o centro da sede municipal se encontra. Eventualmente, pode ocorrer mais de uma cidade numa mesma folha. Estado do Acre Acrelandia Assis Brasil Brasileia Bujari Capixaba Cruzeiro do Sul Epitaciolandia Feijo Jordao Mancio Lima Manoel Urbano Marechal Thaumaturgo Placido [&hellip;]<\/p>\n","protected":false},"author":1,"featured_media":0,"parent":0,"menu_order":0,"comment_status":"closed","ping_status":"closed","template":"","meta":{"site-sidebar-layout":"default","site-content-layout":"","ast-site-content-layout":"default","site-content-style":"default","site-sidebar-style":"default","ast-global-header-display":"","ast-banner-title-visibility":"","ast-main-header-display":"","ast-hfb-above-header-display":"","ast-hfb-below-header-display":"","ast-hfb-mobile-header-display":"","site-post-title":"","ast-breadcrumbs-content":"","ast-featured-img":"","footer-sml-layout":"","ast-disable-related-posts":"","theme-transparent-header-meta":"","adv-header-id-meta":"","stick-header-meta":"","header-above-stick-meta":"","header-main-stick-meta":"","header-below-stick-meta":"","astra-migrate-meta-layouts":"default","ast-page-background-enabled":"default","ast-page-background-meta":{"desktop":{"background-color":"","background-image":"","background-repeat":"repeat","background-position":"center center","background-size":"auto","background-attachment":"scroll","background-type":"","background-media":"","overlay-type":"","overlay-color":"","overlay-opacity":"","overlay-gradient":""},"tablet":{"background-color":"","background-image":"","background-repeat":"repeat","background-position":"center center","background-size":"auto","background-attachment":"scroll","background-type":"","background-media":"","overlay-type":"","overlay-color":"","overlay-opacity":"","overlay-gradient":""},"mobile":{"background-color":"","background-image":"","background-repeat":"repeat","background-position":"center center","background-size":"auto","background-attachment":"scroll","background-type":"","background-media":"","overlay-type":"","overlay-color":"","overlay-opacity":"","overlay-gradient":""}},"ast-content-background-meta":{"desktop":{"background-color":"var(--ast-global-color-5)","background-image":"","background-repeat":"repeat","background-position":"center center","background-size":"auto","background-attachment":"scroll","background-type":"","background-media":"","overlay-type":"","overlay-color":"","overlay-opacity":"","overlay-gradient":""},"tablet":{"background-color":"var(--ast-global-color-5)","background-image":"","background-repeat":"repeat","background-position":"center center","background-size":"auto","background-attachment":"scroll","background-type":"","background-media":"","overlay-type":"","overlay-color":"","overlay-opacity":"","overlay-gradient":""},"mobile":{"background-color":"var(--ast-global-color-5)","background-image":"","background-repeat":"repeat","background-position":"center center","background-size":"auto","background-attachment":"scroll","background-type":"","background-media":"","overlay-type":"","overlay-color":"","overlay-opacity":"","overlay-gradient":""}},"footnotes":""},"class_list":["post-85","page","type-page","status-publish","hentry"],"yoast_head":"<!-- This site is optimized with the Yoast SEO plugin v27.4 - https:\/\/yoast.com\/product\/yoast-seo-wordpress\/ -->\n<title>Fotos de sat\u00e9lite dos munic\u00edpios do Acre | Mapas Acad\u00eamicos<\/title>\n<meta name=\"robots\" content=\"index, follow, max-snippet:-1, max-image-preview:large, max-video-preview:-1\" \/>\n<link rel=\"canonical\" href=\"https:\/\/mapasacademicos.com.br\/site\/fotos-de-satelite-dos-municipios-do-acre\/\" \/>\n<meta property=\"og:locale\" content=\"pt_BR\" \/>\n<meta property=\"og:type\" content=\"article\" \/>\n<meta property=\"og:title\" content=\"Fotos de sat\u00e9lite dos munic\u00edpios do Acre | Mapas Acad\u00eamicos\" \/>\n<meta property=\"og:description\" content=\"Selecione um munic\u00edpio do seu interesse e o sistema recuperar\u00e1 a folha de maior escala onde o centro da sede municipal se encontra. Eventualmente, pode ocorrer mais de uma cidade numa mesma folha. Estado do Acre Acrelandia Assis Brasil Brasileia Bujari Capixaba Cruzeiro do Sul Epitaciolandia Feijo Jordao Mancio Lima Manoel Urbano Marechal Thaumaturgo Placido [&hellip;]\" \/>\n<meta property=\"og:url\" content=\"https:\/\/mapasacademicos.com.br\/site\/fotos-de-satelite-dos-municipios-do-acre\/\" \/>\n<meta property=\"og:site_name\" content=\"Mapas Acad\u00eamicos\" \/>\n<meta property=\"article:publisher\" content=\"https:\/\/www.facebook.com\/mapasacademicos.page\/\" \/>\n<meta property=\"og:image\" content=\"https:\/\/mapasacademicos.com.br\/site\/wp-content\/uploads\/2017\/05\/noticias_evento_geo.jpg\" \/>\n\t<meta property=\"og:image:width\" content=\"409\" \/>\n\t<meta property=\"og:image:height\" content=\"273\" \/>\n\t<meta property=\"og:image:type\" content=\"image\/jpeg\" \/>\n<meta name=\"twitter:card\" content=\"summary_large_image\" \/>\n<meta name=\"twitter:label1\" content=\"Est. tempo de leitura\" \/>\n\t<meta name=\"twitter:data1\" content=\"1 minuto\" \/>\n<script type=\"application\/ld+json\" class=\"yoast-schema-graph\">{\"@context\":\"https:\\\/\\\/schema.org\",\"@graph\":[{\"@type\":\"WebPage\",\"@id\":\"https:\\\/\\\/mapasacademicos.com.br\\\/site\\\/fotos-de-satelite-dos-municipios-do-acre\\\/\",\"url\":\"https:\\\/\\\/mapasacademicos.com.br\\\/site\\\/fotos-de-satelite-dos-municipios-do-acre\\\/\",\"name\":\"Fotos de sat\u00e9lite dos munic\u00edpios do Acre | Mapas Acad\u00eamicos\",\"isPartOf\":{\"@id\":\"https:\\\/\\\/mapasacademicos.com.br\\\/site\\\/#website\"},\"datePublished\":\"2016-11-12T17:52:06+00:00\",\"breadcrumb\":{\"@id\":\"https:\\\/\\\/mapasacademicos.com.br\\\/site\\\/fotos-de-satelite-dos-municipios-do-acre\\\/#breadcrumb\"},\"inLanguage\":\"pt-BR\",\"potentialAction\":[{\"@type\":\"ReadAction\",\"target\":[\"https:\\\/\\\/mapasacademicos.com.br\\\/site\\\/fotos-de-satelite-dos-municipios-do-acre\\\/\"]}]},{\"@type\":\"BreadcrumbList\",\"@id\":\"https:\\\/\\\/mapasacademicos.com.br\\\/site\\\/fotos-de-satelite-dos-municipios-do-acre\\\/#breadcrumb\",\"itemListElement\":[{\"@type\":\"ListItem\",\"position\":1,\"name\":\"Home\",\"item\":\"https:\\\/\\\/mapasacademicos.com.br\\\/site\\\/\"},{\"@type\":\"ListItem\",\"position\":2,\"name\":\"Fotos de sat\u00e9lite dos munic\u00edpios do Acre\"}]},{\"@type\":\"WebSite\",\"@id\":\"https:\\\/\\\/mapasacademicos.com.br\\\/site\\\/#website\",\"url\":\"https:\\\/\\\/mapasacademicos.com.br\\\/site\\\/\",\"name\":\"Mapas Acad\u00eamicos\",\"description\":\"Divulgando conhecimento geogr\u00e1fico\",\"publisher\":{\"@id\":\"https:\\\/\\\/mapasacademicos.com.br\\\/site\\\/#organization\"},\"potentialAction\":[{\"@type\":\"SearchAction\",\"target\":{\"@type\":\"EntryPoint\",\"urlTemplate\":\"https:\\\/\\\/mapasacademicos.com.br\\\/site\\\/?s={search_term_string}\"},\"query-input\":{\"@type\":\"PropertyValueSpecification\",\"valueRequired\":true,\"valueName\":\"search_term_string\"}}],\"inLanguage\":\"pt-BR\"},{\"@type\":\"Organization\",\"@id\":\"https:\\\/\\\/mapasacademicos.com.br\\\/site\\\/#organization\",\"name\":\"Mapas Acad\u00eamicos\",\"url\":\"https:\\\/\\\/mapasacademicos.com.br\\\/site\\\/\",\"logo\":{\"@type\":\"ImageObject\",\"inLanguage\":\"pt-BR\",\"@id\":\"https:\\\/\\\/mapasacademicos.com.br\\\/site\\\/#\\\/schema\\\/logo\\\/image\\\/\",\"url\":\"https:\\\/\\\/mapasacademicos.com.br\\\/site\\\/wp-content\\\/uploads\\\/2019\\\/01\\\/logo_site.png\",\"contentUrl\":\"https:\\\/\\\/mapasacademicos.com.br\\\/site\\\/wp-content\\\/uploads\\\/2019\\\/01\\\/logo_site.png\",\"width\":350,\"height\":70,\"caption\":\"Mapas Acad\u00eamicos\"},\"image\":{\"@id\":\"https:\\\/\\\/mapasacademicos.com.br\\\/site\\\/#\\\/schema\\\/logo\\\/image\\\/\"},\"sameAs\":[\"https:\\\/\\\/www.facebook.com\\\/mapasacademicos.page\\\/\"]}]}<\/script>\n<!-- \/ Yoast SEO plugin. -->","yoast_head_json":{"title":"Fotos de sat\u00e9lite dos munic\u00edpios do Acre | Mapas Acad\u00eamicos","robots":{"index":"index","follow":"follow","max-snippet":"max-snippet:-1","max-image-preview":"max-image-preview:large","max-video-preview":"max-video-preview:-1"},"canonical":"https:\/\/mapasacademicos.com.br\/site\/fotos-de-satelite-dos-municipios-do-acre\/","og_locale":"pt_BR","og_type":"article","og_title":"Fotos de sat\u00e9lite dos munic\u00edpios do Acre | Mapas Acad\u00eamicos","og_description":"Selecione um munic\u00edpio do seu interesse e o sistema recuperar\u00e1 a folha de maior escala onde o centro da sede municipal se encontra. Eventualmente, pode ocorrer mais de uma cidade numa mesma folha. Estado do Acre Acrelandia Assis Brasil Brasileia Bujari Capixaba Cruzeiro do Sul Epitaciolandia Feijo Jordao Mancio Lima Manoel Urbano Marechal Thaumaturgo Placido [&hellip;]","og_url":"https:\/\/mapasacademicos.com.br\/site\/fotos-de-satelite-dos-municipios-do-acre\/","og_site_name":"Mapas Acad\u00eamicos","article_publisher":"https:\/\/www.facebook.com\/mapasacademicos.page\/","og_image":[{"width":409,"height":273,"url":"https:\/\/mapasacademicos.com.br\/site\/wp-content\/uploads\/2017\/05\/noticias_evento_geo.jpg","type":"image\/jpeg"}],"twitter_card":"summary_large_image","twitter_misc":{"Est. tempo de leitura":"1 minuto"},"schema":{"@context":"https:\/\/schema.org","@graph":[{"@type":"WebPage","@id":"https:\/\/mapasacademicos.com.br\/site\/fotos-de-satelite-dos-municipios-do-acre\/","url":"https:\/\/mapasacademicos.com.br\/site\/fotos-de-satelite-dos-municipios-do-acre\/","name":"Fotos de sat\u00e9lite dos munic\u00edpios do Acre | Mapas Acad\u00eamicos","isPartOf":{"@id":"https:\/\/mapasacademicos.com.br\/site\/#website"},"datePublished":"2016-11-12T17:52:06+00:00","breadcrumb":{"@id":"https:\/\/mapasacademicos.com.br\/site\/fotos-de-satelite-dos-municipios-do-acre\/#breadcrumb"},"inLanguage":"pt-BR","potentialAction":[{"@type":"ReadAction","target":["https:\/\/mapasacademicos.com.br\/site\/fotos-de-satelite-dos-municipios-do-acre\/"]}]},{"@type":"BreadcrumbList","@id":"https:\/\/mapasacademicos.com.br\/site\/fotos-de-satelite-dos-municipios-do-acre\/#breadcrumb","itemListElement":[{"@type":"ListItem","position":1,"name":"Home","item":"https:\/\/mapasacademicos.com.br\/site\/"},{"@type":"ListItem","position":2,"name":"Fotos de sat\u00e9lite dos munic\u00edpios do Acre"}]},{"@type":"WebSite","@id":"https:\/\/mapasacademicos.com.br\/site\/#website","url":"https:\/\/mapasacademicos.com.br\/site\/","name":"Mapas Acad\u00eamicos","description":"Divulgando conhecimento geogr\u00e1fico","publisher":{"@id":"https:\/\/mapasacademicos.com.br\/site\/#organization"},"potentialAction":[{"@type":"SearchAction","target":{"@type":"EntryPoint","urlTemplate":"https:\/\/mapasacademicos.com.br\/site\/?s={search_term_string}"},"query-input":{"@type":"PropertyValueSpecification","valueRequired":true,"valueName":"search_term_string"}}],"inLanguage":"pt-BR"},{"@type":"Organization","@id":"https:\/\/mapasacademicos.com.br\/site\/#organization","name":"Mapas Acad\u00eamicos","url":"https:\/\/mapasacademicos.com.br\/site\/","logo":{"@type":"ImageObject","inLanguage":"pt-BR","@id":"https:\/\/mapasacademicos.com.br\/site\/#\/schema\/logo\/image\/","url":"https:\/\/mapasacademicos.com.br\/site\/wp-content\/uploads\/2019\/01\/logo_site.png","contentUrl":"https:\/\/mapasacademicos.com.br\/site\/wp-content\/uploads\/2019\/01\/logo_site.png","width":350,"height":70,"caption":"Mapas Acad\u00eamicos"},"image":{"@id":"https:\/\/mapasacademicos.com.br\/site\/#\/schema\/logo\/image\/"},"sameAs":["https:\/\/www.facebook.com\/mapasacademicos.page\/"]}]}},"jetpack_sharing_enabled":true,"amp_enabled":true,"_links":{"self":[{"href":"https:\/\/mapasacademicos.com.br\/site\/wp-json\/wp\/v2\/pages\/85","targetHints":{"allow":["GET"]}}],"collection":[{"href":"https:\/\/mapasacademicos.com.br\/site\/wp-json\/wp\/v2\/pages"}],"about":[{"href":"https:\/\/mapasacademicos.com.br\/site\/wp-json\/wp\/v2\/types\/page"}],"author":[{"embeddable":true,"href":"https:\/\/mapasacademicos.com.br\/site\/wp-json\/wp\/v2\/users\/1"}],"replies":[{"embeddable":true,"href":"https:\/\/mapasacademicos.com.br\/site\/wp-json\/wp\/v2\/comments?post=85"}],"version-history":[{"count":0,"href":"https:\/\/mapasacademicos.com.br\/site\/wp-json\/wp\/v2\/pages\/85\/revisions"}],"wp:attachment":[{"href":"https:\/\/mapasacademicos.com.br\/site\/wp-json\/wp\/v2\/media?parent=85"}],"curies":[{"name":"wp","href":"https:\/\/api.w.org\/{rel}","templated":true}]}}