{"id":65,"date":"2016-11-12T12:54:52","date_gmt":"2016-11-12T14:54:52","guid":{"rendered":"http:\/\/mapasacademicos.com.br\/site\/?page_id=65"},"modified":"2016-11-12T12:54:52","modified_gmt":"2016-11-12T14:54:52","slug":"fotos-de-satelite-dos-municipios-do-mato-grosso-do-sul","status":"publish","type":"page","link":"https:\/\/mapasacademicos.com.br\/site\/fotos-de-satelite-dos-municipios-do-mato-grosso-do-sul\/","title":{"rendered":"Fotos de sat\u00e9lite dos munic\u00edpios do Mato Grosso do Sul"},"content":{"rendered":"<p>Selecione um munic\u00edpio do seu interesse e o sistema recuperar\u00e1 a folha de maior escala onde o centro da sede municipal se encontra. Eventualmente, pode ocorrer mais de uma cidade numa mesma folha.<\/p>\n<ul>\n<li><a href=\"http:\/\/www.cdbrasil.cnpm.embrapa.br\/ms\/htm0\/ms35_56.htm\" rel=\"nofollow\">Agua Clara<\/a><\/li>\n<li><a href=\"http:\/\/www.cdbrasil.cnpm.embrapa.br\/ms\/htm0\/ms18_50.htm\" rel=\"nofollow\">Alcinopolis<\/a><\/li>\n<li><a href=\"http:\/\/www.cdbrasil.cnpm.embrapa.br\/ms\/htm0\/ms56_38.htm\" rel=\"nofollow\">Amambai<\/a><\/li>\n<li><a href=\"http:\/\/www.cdbrasil.cnpm.embrapa.br\/ms\/htm0\/ms35_33.htm\" rel=\"nofollow\">Anastacio<\/a><\/li>\n<li><a href=\"http:\/\/www.cdbrasil.cnpm.embrapa.br\/ms\/htm0\/ms49_58.htm\" rel=\"nofollow\">Anaurilandia<\/a><\/li>\n<li><a href=\"http:\/\/www.cdbrasil.cnpm.embrapa.br\/ms\/htm0\/ms49_49.htm\" rel=\"nofollow\">Angelica<\/a><\/li>\n<li><a href=\"http:\/\/www.cdbrasil.cnpm.embrapa.br\/ms\/htm0\/ms49_32.htm\" rel=\"nofollow\">Antonio Joao<\/a><\/li>\n<li><a href=\"http:\/\/www.cdbrasil.cnpm.embrapa.br\/ms\/htm0\/ms32_71.htm\" rel=\"nofollow\">Aparecida do Taboado<\/a><\/li>\n<li><a href=\"http:\/\/www.cdbrasil.cnpm.embrapa.br\/ms\/htm0\/ms35_33.htm\" rel=\"nofollow\">Aquidauana<\/a><\/li>\n<li><a href=\"http:\/\/www.cdbrasil.cnpm.embrapa.br\/ms\/htm0\/ms55_34.htm\" rel=\"nofollow\">Aral Moreira<\/a><\/li>\n<li><a href=\"http:\/\/www.cdbrasil.cnpm.embrapa.br\/ms\/htm0\/ms31_45.htm\" rel=\"nofollow\">Bandeirantes<\/a><\/li>\n<li><a href=\"http:\/\/www.cdbrasil.cnpm.embrapa.br\/ms\/htm0\/ms45_60.htm\" rel=\"nofollow\">Bataguassu<\/a><\/li>\n<li><a href=\"http:\/\/www.cdbrasil.cnpm.embrapa.br\/ms\/htm0\/ms50_53.htm\" rel=\"nofollow\">Bataipora<\/a><\/li>\n<li><a href=\"http:\/\/www.cdbrasil.cnpm.embrapa.br\/ms\/htm0\/ms48_27.htm\" rel=\"nofollow\">Bela Vista<\/a><\/li>\n<li><a href=\"http:\/\/www.cdbrasil.cnpm.embrapa.br\/ms\/htm0\/ms36_26.htm\" rel=\"nofollow\">Bodoquena<\/a><\/li>\n<li><a href=\"http:\/\/www.cdbrasil.cnpm.embrapa.br\/ms\/htm0\/ms40_28.htm\" rel=\"nofollow\">Bonito<\/a><\/li>\n<li><a href=\"http:\/\/www.cdbrasil.cnpm.embrapa.br\/ms\/htm0\/ms42_63.htm\" rel=\"nofollow\">Brasilandia<\/a><\/li>\n<li><a href=\"http:\/\/www.cdbrasil.cnpm.embrapa.br\/ms\/htm0\/ms53_41.htm\" rel=\"nofollow\">Caarapo<\/a><\/li>\n<li><a href=\"http:\/\/www.cdbrasil.cnpm.embrapa.br\/ms\/htm0\/ms28_47.htm\" rel=\"nofollow\">Camapua<\/a><\/li>\n<li><a href=\"http:\/\/www.cdbrasil.cnpm.embrapa.br\/ms\/htm0\/ms35_42.htm\" rel=\"nofollow\">Campo Grande<\/a><\/li>\n<li><a href=\"http:\/\/www.cdbrasil.cnpm.embrapa.br\/ms\/htm0\/ms48_23.htm\" rel=\"nofollow\">Caracol<\/a><\/li>\n<li><a href=\"http:\/\/www.cdbrasil.cnpm.embrapa.br\/ms\/htm0\/ms24_66.htm\" rel=\"nofollow\">Cassilandia<\/a><\/li>\n<li><a href=\"http:\/\/www.cdbrasil.cnpm.embrapa.br\/ms\/htm0\/ms22_59.htm\" rel=\"nofollow\">Chapadao do Sul<\/a><\/li>\n<li><a href=\"http:\/\/www.cdbrasil.cnpm.embrapa.br\/ms\/htm0\/ms30_41.htm\" rel=\"nofollow\">Corguinho<\/a><\/li>\n<li><a href=\"http:\/\/www.cdbrasil.cnpm.embrapa.br\/ms\/htm0\/ms58_35.htm\" rel=\"nofollow\">Coronel Sapucaia<\/a><\/li>\n<li><a href=\"http:\/\/www.cdbrasil.cnpm.embrapa.br\/ms\/htm0\/ms24_18.htm\" rel=\"nofollow\">Corumba<\/a><\/li>\n<li><a href=\"http:\/\/www.cdbrasil.cnpm.embrapa.br\/ms\/htm0\/ms20_54.htm\" rel=\"nofollow\">Costa Rica<\/a><\/li>\n<li><a href=\"http:\/\/www.cdbrasil.cnpm.embrapa.br\/ms\/htm0\/ms20_41.htm\" rel=\"nofollow\">Coxim<\/a><\/li>\n<li><a href=\"http:\/\/www.cdbrasil.cnpm.embrapa.br\/ms\/htm0\/ms50_46.htm\" rel=\"nofollow\">Deodapolis<\/a><\/li>\n<li><a href=\"http:\/\/www.cdbrasil.cnpm.embrapa.br\/ms\/htm0\/ms37_37.htm\" rel=\"nofollow\">Dois Irmaos do Buriti<\/a><\/li>\n<li><a href=\"http:\/\/www.cdbrasil.cnpm.embrapa.br\/ms\/htm0\/ms48_43.htm\" rel=\"nofollow\">Douradina<\/a><\/li>\n<li><a href=\"http:\/\/www.cdbrasil.cnpm.embrapa.br\/ms\/htm0\/ms49_41.htm\" rel=\"nofollow\">Dourados<\/a><\/li>\n<li><a href=\"http:\/\/www.cdbrasil.cnpm.embrapa.br\/ms\/htm0\/ms62_45.htm\" rel=\"nofollow\">Eldorado<\/a><\/li>\n<li><a href=\"http:\/\/www.cdbrasil.cnpm.embrapa.br\/ms\/htm0\/ms50_43.htm\" rel=\"nofollow\">Fatima do Sul<\/a><\/li>\n<li><a href=\"http:\/\/www.cdbrasil.cnpm.embrapa.br\/ms\/htm0\/ms51_46.htm\" rel=\"nofollow\">Gloria de Dourados<\/a><\/li>\n<li><a href=\"http:\/\/www.cdbrasil.cnpm.embrapa.br\/ms\/htm0\/ms43_31.htm\" rel=\"nofollow\">Guia Lopes da Laguna<\/a><\/li>\n<li><a href=\"http:\/\/www.cdbrasil.cnpm.embrapa.br\/ms\/htm0\/ms61_43.htm\" rel=\"nofollow\">Iguatemi<\/a><\/li>\n<li><a href=\"http:\/\/www.cdbrasil.cnpm.embrapa.br\/ms\/htm0\/ms29_64.htm\" rel=\"nofollow\">Inocencia<\/a><\/li>\n<li><a href=\"http:\/\/www.cdbrasil.cnpm.embrapa.br\/ms\/htm0\/ms48_41.htm\" rel=\"nofollow\">Itapora<\/a><\/li>\n<li><a href=\"http:\/\/www.cdbrasil.cnpm.embrapa.br\/ms\/htm0\/ms59_46.htm\" rel=\"nofollow\">Itaquirai<\/a><\/li>\n<li><a href=\"http:\/\/www.cdbrasil.cnpm.embrapa.br\/ms\/htm0\/ms50_49.htm\" rel=\"nofollow\">Ivinhema<\/a><\/li>\n<li><a href=\"http:\/\/www.cdbrasil.cnpm.embrapa.br\/ms\/htm0\/ms63_44.htm\" rel=\"nofollow\">Japora<\/a><\/li>\n<li><a href=\"http:\/\/www.cdbrasil.cnpm.embrapa.br\/ms\/htm0\/ms33_44.htm\" rel=\"nofollow\">Jaraguari<\/a><\/li>\n<li><a href=\"http:\/\/www.cdbrasil.cnpm.embrapa.br\/ms\/htm0\/ms43_30.htm\" rel=\"nofollow\">Jardim<\/a><\/li>\n<li><a href=\"http:\/\/www.cdbrasil.cnpm.embrapa.br\/ms\/htm0\/ms51_45.htm\" rel=\"nofollow\">Jatei<\/a><\/li>\n<li><a href=\"http:\/\/www.cdbrasil.cnpm.embrapa.br\/ms\/htm0\/ms54_43.htm\" rel=\"nofollow\">Juti<\/a><\/li>\n<li><a href=\"http:\/\/www.cdbrasil.cnpm.embrapa.br\/ms\/htm0\/ms24_19.htm\" rel=\"nofollow\">Ladario<\/a><\/li>\n<li><a href=\"http:\/\/www.cdbrasil.cnpm.embrapa.br\/ms\/htm0\/ms52_38.htm\" rel=\"nofollow\">Laguna Carapa<\/a><\/li>\n<li><a href=\"http:\/\/www.cdbrasil.cnpm.embrapa.br\/ms\/htm0\/ms44_38.htm\" rel=\"nofollow\">Maracaju<\/a><\/li>\n<li><a href=\"http:\/\/www.cdbrasil.cnpm.embrapa.br\/ms\/htm0\/ms33_28.htm\" rel=\"nofollow\">Miranda<\/a><\/li>\n<li><a href=\"http:\/\/www.cdbrasil.cnpm.embrapa.br\/ms\/htm0\/ms63_45.htm\" rel=\"nofollow\">Mundo Novo<\/a><\/li>\n<li><a href=\"http:\/\/www.cdbrasil.cnpm.embrapa.br\/ms\/htm0\/ms56_46.htm\" rel=\"nofollow\">Navirai<\/a><\/li>\n<li><a href=\"http:\/\/www.cdbrasil.cnpm.embrapa.br\/ms\/htm0\/ms41_33.htm\" rel=\"nofollow\">Nioaque<\/a><\/li>\n<li><a href=\"http:\/\/www.cdbrasil.cnpm.embrapa.br\/ms\/htm0\/ms43_44.htm\" rel=\"nofollow\">Nova Alvorada do Sul<\/a><\/li>\n<li><a href=\"http:\/\/www.cdbrasil.cnpm.embrapa.br\/ms\/htm0\/ms49_53.htm\" rel=\"nofollow\">Nova Andradina<\/a><\/li>\n<li><a href=\"http:\/\/www.cdbrasil.cnpm.embrapa.br\/ms\/htm0\/ms53_49.htm\" rel=\"nofollow\">Novo Horizonte do Sul<\/a><\/li>\n<li><a href=\"http:\/\/www.cdbrasil.cnpm.embrapa.br\/ms\/htm0\/ms29_70.htm\" rel=\"nofollow\">Paranaiba<\/a><\/li>\n<li><a href=\"http:\/\/www.cdbrasil.cnpm.embrapa.br\/ms\/htm0\/ms63_36.htm\" rel=\"nofollow\">Paranhos<\/a><\/li>\n<li><a href=\"http:\/\/www.cdbrasil.cnpm.embrapa.br\/ms\/htm0\/ms16_43.htm\" rel=\"nofollow\">Pedro Gomes<\/a><\/li>\n<li><a href=\"http:\/\/www.cdbrasil.cnpm.embrapa.br\/ms\/htm0\/ms52_34.htm\" rel=\"nofollow\">Ponta Pora<\/a><\/li>\n<li><a href=\"http:\/\/www.cdbrasil.cnpm.embrapa.br\/ms\/htm0\/ms45_16.htm\" rel=\"nofollow\">Porto Murtinho<\/a><\/li>\n<li><a href=\"http:\/\/www.cdbrasil.cnpm.embrapa.br\/ms\/htm0\/ms35_49.htm\" rel=\"nofollow\">Ribas do Rio Pardo<\/a><\/li>\n<li><a href=\"http:\/\/www.cdbrasil.cnpm.embrapa.br\/ms\/htm0\/ms46_43.htm\" rel=\"nofollow\">Rio Brilhante<\/a><\/li>\n<li><a href=\"http:\/\/www.cdbrasil.cnpm.embrapa.br\/ms\/htm0\/ms27_40.htm\" rel=\"nofollow\">Rio Negro<\/a><\/li>\n<li><a href=\"http:\/\/www.cdbrasil.cnpm.embrapa.br\/ms\/htm0\/ms23_41.htm\" rel=\"nofollow\">Rio Verde de Mato Grosso<\/a><\/li>\n<li><a href=\"http:\/\/www.cdbrasil.cnpm.embrapa.br\/ms\/htm0\/ms31_40.htm\" rel=\"nofollow\">Rochedo<\/a><\/li>\n<li><a href=\"http:\/\/www.cdbrasil.cnpm.embrapa.br\/ms\/htm0\/ms42_57.htm\" rel=\"nofollow\">Santa Rita do Pardo<\/a><\/li>\n<li><a href=\"http:\/\/www.cdbrasil.cnpm.embrapa.br\/ms\/htm0\/ms27_43.htm\" rel=\"nofollow\">Sao Gabriel do Oeste<\/a><\/li>\n<li><a href=\"http:\/\/www.cdbrasil.cnpm.embrapa.br\/ms\/htm0\/ms34_68.htm\" rel=\"nofollow\">Selviria<\/a><\/li>\n<li><a href=\"http:\/\/www.cdbrasil.cnpm.embrapa.br\/ms\/htm0\/ms63_39.htm\" rel=\"nofollow\">Sete Quedas<\/a><\/li>\n<li><a href=\"http:\/\/www.cdbrasil.cnpm.embrapa.br\/ms\/htm0\/ms39_40.htm\" rel=\"nofollow\">Sidrolandia<\/a><\/li>\n<li><a href=\"http:\/\/www.cdbrasil.cnpm.embrapa.br\/ms\/htm0\/ms12_41.htm\" rel=\"nofollow\">Sonora<\/a><\/li>\n<li><a href=\"http:\/\/www.cdbrasil.cnpm.embrapa.br\/ms\/htm0\/ms61_39.htm\" rel=\"nofollow\">Tacuru<\/a><\/li>\n<li><a href=\"http:\/\/www.cdbrasil.cnpm.embrapa.br\/ms\/htm0\/ms51_53.htm\" rel=\"nofollow\">Taquarussu<\/a><\/li>\n<li><a href=\"http:\/\/www.cdbrasil.cnpm.embrapa.br\/ms\/htm0\/ms35_41.htm\" rel=\"nofollow\">Terenos<\/a><\/li>\n<li><a href=\"http:\/\/www.cdbrasil.cnpm.embrapa.br\/ms\/htm0\/ms38_66.htm\" rel=\"nofollow\">Tres Lagoas<\/a><\/li>\n<li><a href=\"http:\/\/www.cdbrasil.cnpm.embrapa.br\/ms\/htm0\/ms51_44.htm\" rel=\"nofollow\">Vicentina<\/a><\/li>\n<\/ul>\n<div>\n<hr \/>\n<p>Refer\u00eancia:<\/p>\n<p>MIRANDA, E. E. de; COUTINHO, A. C. (Coord.).\u00a0\u00a0<strong>Brasil Visto do Espa\u00e7o.<\/strong>\u00a0\u00a0Campinas: Embrapa Monitoramento por Sat\u00e9lite, 2004.\u00a0\u00a0Dispon\u00edvel em: &lt;http:\/\/www.cdbrasil.cnpm.embrapa.br&gt;.\u00a0\u00a0Acesso em: 23 set. 2014.<\/div>\n","protected":false},"excerpt":{"rendered":"<p>Selecione um munic\u00edpio do seu interesse e o sistema recuperar\u00e1 a folha de maior escala onde o centro da sede municipal se encontra. Eventualmente, pode ocorrer mais de uma cidade numa mesma folha. Agua Clara Alcinopolis Amambai Anastacio Anaurilandia Angelica Antonio Joao Aparecida do Taboado Aquidauana Aral Moreira Bandeirantes Bataguassu Bataipora Bela Vista Bodoquena Bonito [&hellip;]<\/p>\n","protected":false},"author":1,"featured_media":0,"parent":0,"menu_order":0,"comment_status":"closed","ping_status":"closed","template":"","meta":{"site-sidebar-layout":"default","site-content-layout":"","ast-site-content-layout":"default","site-content-style":"default","site-sidebar-style":"default","ast-global-header-display":"","ast-banner-title-visibility":"","ast-main-header-display":"","ast-hfb-above-header-display":"","ast-hfb-below-header-display":"","ast-hfb-mobile-header-display":"","site-post-title":"","ast-breadcrumbs-content":"","ast-featured-img":"","footer-sml-layout":"","ast-disable-related-posts":"","theme-transparent-header-meta":"","adv-header-id-meta":"","stick-header-meta":"","header-above-stick-meta":"","header-main-stick-meta":"","header-below-stick-meta":"","astra-migrate-meta-layouts":"default","ast-page-background-enabled":"default","ast-page-background-meta":{"desktop":{"background-color":"","background-image":"","background-repeat":"repeat","background-position":"center center","background-size":"auto","background-attachment":"scroll","background-type":"","background-media":"","overlay-type":"","overlay-color":"","overlay-opacity":"","overlay-gradient":""},"tablet":{"background-color":"","background-image":"","background-repeat":"repeat","background-position":"center center","background-size":"auto","background-attachment":"scroll","background-type":"","background-media":"","overlay-type":"","overlay-color":"","overlay-opacity":"","overlay-gradient":""},"mobile":{"background-color":"","background-image":"","background-repeat":"repeat","background-position":"center center","background-size":"auto","background-attachment":"scroll","background-type":"","background-media":"","overlay-type":"","overlay-color":"","overlay-opacity":"","overlay-gradient":""}},"ast-content-background-meta":{"desktop":{"background-color":"var(--ast-global-color-5)","background-image":"","background-repeat":"repeat","background-position":"center center","background-size":"auto","background-attachment":"scroll","background-type":"","background-media":"","overlay-type":"","overlay-color":"","overlay-opacity":"","overlay-gradient":""},"tablet":{"background-color":"var(--ast-global-color-5)","background-image":"","background-repeat":"repeat","background-position":"center center","background-size":"auto","background-attachment":"scroll","background-type":"","background-media":"","overlay-type":"","overlay-color":"","overlay-opacity":"","overlay-gradient":""},"mobile":{"background-color":"var(--ast-global-color-5)","background-image":"","background-repeat":"repeat","background-position":"center center","background-size":"auto","background-attachment":"scroll","background-type":"","background-media":"","overlay-type":"","overlay-color":"","overlay-opacity":"","overlay-gradient":""}},"footnotes":""},"class_list":["post-65","page","type-page","status-publish","hentry"],"yoast_head":"<!-- This site is optimized with the Yoast SEO plugin v27.4 - https:\/\/yoast.com\/product\/yoast-seo-wordpress\/ -->\n<title>Fotos de sat\u00e9lite dos munic\u00edpios do Mato Grosso do Sul | Mapas Acad\u00eamicos<\/title>\n<meta name=\"robots\" content=\"index, follow, max-snippet:-1, max-image-preview:large, max-video-preview:-1\" \/>\n<link rel=\"canonical\" href=\"https:\/\/mapasacademicos.com.br\/site\/fotos-de-satelite-dos-municipios-do-mato-grosso-do-sul\/\" \/>\n<meta property=\"og:locale\" content=\"pt_BR\" \/>\n<meta property=\"og:type\" content=\"article\" \/>\n<meta property=\"og:title\" content=\"Fotos de sat\u00e9lite dos munic\u00edpios do Mato Grosso do Sul | Mapas Acad\u00eamicos\" \/>\n<meta property=\"og:description\" content=\"Selecione um munic\u00edpio do seu interesse e o sistema recuperar\u00e1 a folha de maior escala onde o centro da sede municipal se encontra. Eventualmente, pode ocorrer mais de uma cidade numa mesma folha. Agua Clara Alcinopolis Amambai Anastacio Anaurilandia Angelica Antonio Joao Aparecida do Taboado Aquidauana Aral Moreira Bandeirantes Bataguassu Bataipora Bela Vista Bodoquena Bonito [&hellip;]\" \/>\n<meta property=\"og:url\" content=\"https:\/\/mapasacademicos.com.br\/site\/fotos-de-satelite-dos-municipios-do-mato-grosso-do-sul\/\" \/>\n<meta property=\"og:site_name\" content=\"Mapas Acad\u00eamicos\" \/>\n<meta property=\"article:publisher\" content=\"https:\/\/www.facebook.com\/mapasacademicos.page\/\" \/>\n<meta property=\"og:image\" content=\"https:\/\/mapasacademicos.com.br\/site\/wp-content\/uploads\/2017\/05\/noticias_evento_geo.jpg\" \/>\n\t<meta property=\"og:image:width\" content=\"409\" \/>\n\t<meta property=\"og:image:height\" content=\"273\" \/>\n\t<meta property=\"og:image:type\" content=\"image\/jpeg\" \/>\n<meta name=\"twitter:card\" content=\"summary_large_image\" \/>\n<meta name=\"twitter:label1\" content=\"Est. tempo de leitura\" \/>\n\t<meta name=\"twitter:data1\" content=\"1 minuto\" \/>\n<script type=\"application\/ld+json\" class=\"yoast-schema-graph\">{\"@context\":\"https:\\\/\\\/schema.org\",\"@graph\":[{\"@type\":\"WebPage\",\"@id\":\"https:\\\/\\\/mapasacademicos.com.br\\\/site\\\/fotos-de-satelite-dos-municipios-do-mato-grosso-do-sul\\\/\",\"url\":\"https:\\\/\\\/mapasacademicos.com.br\\\/site\\\/fotos-de-satelite-dos-municipios-do-mato-grosso-do-sul\\\/\",\"name\":\"Fotos de sat\u00e9lite dos munic\u00edpios do Mato Grosso do Sul | Mapas Acad\u00eamicos\",\"isPartOf\":{\"@id\":\"https:\\\/\\\/mapasacademicos.com.br\\\/site\\\/#website\"},\"datePublished\":\"2016-11-12T14:54:52+00:00\",\"breadcrumb\":{\"@id\":\"https:\\\/\\\/mapasacademicos.com.br\\\/site\\\/fotos-de-satelite-dos-municipios-do-mato-grosso-do-sul\\\/#breadcrumb\"},\"inLanguage\":\"pt-BR\",\"potentialAction\":[{\"@type\":\"ReadAction\",\"target\":[\"https:\\\/\\\/mapasacademicos.com.br\\\/site\\\/fotos-de-satelite-dos-municipios-do-mato-grosso-do-sul\\\/\"]}]},{\"@type\":\"BreadcrumbList\",\"@id\":\"https:\\\/\\\/mapasacademicos.com.br\\\/site\\\/fotos-de-satelite-dos-municipios-do-mato-grosso-do-sul\\\/#breadcrumb\",\"itemListElement\":[{\"@type\":\"ListItem\",\"position\":1,\"name\":\"Home\",\"item\":\"https:\\\/\\\/mapasacademicos.com.br\\\/site\\\/\"},{\"@type\":\"ListItem\",\"position\":2,\"name\":\"Fotos de sat\u00e9lite dos munic\u00edpios do Mato Grosso do Sul\"}]},{\"@type\":\"WebSite\",\"@id\":\"https:\\\/\\\/mapasacademicos.com.br\\\/site\\\/#website\",\"url\":\"https:\\\/\\\/mapasacademicos.com.br\\\/site\\\/\",\"name\":\"Mapas Acad\u00eamicos\",\"description\":\"Divulgando conhecimento geogr\u00e1fico\",\"publisher\":{\"@id\":\"https:\\\/\\\/mapasacademicos.com.br\\\/site\\\/#organization\"},\"potentialAction\":[{\"@type\":\"SearchAction\",\"target\":{\"@type\":\"EntryPoint\",\"urlTemplate\":\"https:\\\/\\\/mapasacademicos.com.br\\\/site\\\/?s={search_term_string}\"},\"query-input\":{\"@type\":\"PropertyValueSpecification\",\"valueRequired\":true,\"valueName\":\"search_term_string\"}}],\"inLanguage\":\"pt-BR\"},{\"@type\":\"Organization\",\"@id\":\"https:\\\/\\\/mapasacademicos.com.br\\\/site\\\/#organization\",\"name\":\"Mapas Acad\u00eamicos\",\"url\":\"https:\\\/\\\/mapasacademicos.com.br\\\/site\\\/\",\"logo\":{\"@type\":\"ImageObject\",\"inLanguage\":\"pt-BR\",\"@id\":\"https:\\\/\\\/mapasacademicos.com.br\\\/site\\\/#\\\/schema\\\/logo\\\/image\\\/\",\"url\":\"https:\\\/\\\/mapasacademicos.com.br\\\/site\\\/wp-content\\\/uploads\\\/2019\\\/01\\\/logo_site.png\",\"contentUrl\":\"https:\\\/\\\/mapasacademicos.com.br\\\/site\\\/wp-content\\\/uploads\\\/2019\\\/01\\\/logo_site.png\",\"width\":350,\"height\":70,\"caption\":\"Mapas Acad\u00eamicos\"},\"image\":{\"@id\":\"https:\\\/\\\/mapasacademicos.com.br\\\/site\\\/#\\\/schema\\\/logo\\\/image\\\/\"},\"sameAs\":[\"https:\\\/\\\/www.facebook.com\\\/mapasacademicos.page\\\/\"]}]}<\/script>\n<!-- \/ Yoast SEO plugin. -->","yoast_head_json":{"title":"Fotos de sat\u00e9lite dos munic\u00edpios do Mato Grosso do Sul | Mapas Acad\u00eamicos","robots":{"index":"index","follow":"follow","max-snippet":"max-snippet:-1","max-image-preview":"max-image-preview:large","max-video-preview":"max-video-preview:-1"},"canonical":"https:\/\/mapasacademicos.com.br\/site\/fotos-de-satelite-dos-municipios-do-mato-grosso-do-sul\/","og_locale":"pt_BR","og_type":"article","og_title":"Fotos de sat\u00e9lite dos munic\u00edpios do Mato Grosso do Sul | Mapas Acad\u00eamicos","og_description":"Selecione um munic\u00edpio do seu interesse e o sistema recuperar\u00e1 a folha de maior escala onde o centro da sede municipal se encontra. Eventualmente, pode ocorrer mais de uma cidade numa mesma folha. Agua Clara Alcinopolis Amambai Anastacio Anaurilandia Angelica Antonio Joao Aparecida do Taboado Aquidauana Aral Moreira Bandeirantes Bataguassu Bataipora Bela Vista Bodoquena Bonito [&hellip;]","og_url":"https:\/\/mapasacademicos.com.br\/site\/fotos-de-satelite-dos-municipios-do-mato-grosso-do-sul\/","og_site_name":"Mapas Acad\u00eamicos","article_publisher":"https:\/\/www.facebook.com\/mapasacademicos.page\/","og_image":[{"width":409,"height":273,"url":"https:\/\/mapasacademicos.com.br\/site\/wp-content\/uploads\/2017\/05\/noticias_evento_geo.jpg","type":"image\/jpeg"}],"twitter_card":"summary_large_image","twitter_misc":{"Est. tempo de leitura":"1 minuto"},"schema":{"@context":"https:\/\/schema.org","@graph":[{"@type":"WebPage","@id":"https:\/\/mapasacademicos.com.br\/site\/fotos-de-satelite-dos-municipios-do-mato-grosso-do-sul\/","url":"https:\/\/mapasacademicos.com.br\/site\/fotos-de-satelite-dos-municipios-do-mato-grosso-do-sul\/","name":"Fotos de sat\u00e9lite dos munic\u00edpios do Mato Grosso do Sul | Mapas Acad\u00eamicos","isPartOf":{"@id":"https:\/\/mapasacademicos.com.br\/site\/#website"},"datePublished":"2016-11-12T14:54:52+00:00","breadcrumb":{"@id":"https:\/\/mapasacademicos.com.br\/site\/fotos-de-satelite-dos-municipios-do-mato-grosso-do-sul\/#breadcrumb"},"inLanguage":"pt-BR","potentialAction":[{"@type":"ReadAction","target":["https:\/\/mapasacademicos.com.br\/site\/fotos-de-satelite-dos-municipios-do-mato-grosso-do-sul\/"]}]},{"@type":"BreadcrumbList","@id":"https:\/\/mapasacademicos.com.br\/site\/fotos-de-satelite-dos-municipios-do-mato-grosso-do-sul\/#breadcrumb","itemListElement":[{"@type":"ListItem","position":1,"name":"Home","item":"https:\/\/mapasacademicos.com.br\/site\/"},{"@type":"ListItem","position":2,"name":"Fotos de sat\u00e9lite dos munic\u00edpios do Mato Grosso do Sul"}]},{"@type":"WebSite","@id":"https:\/\/mapasacademicos.com.br\/site\/#website","url":"https:\/\/mapasacademicos.com.br\/site\/","name":"Mapas Acad\u00eamicos","description":"Divulgando conhecimento geogr\u00e1fico","publisher":{"@id":"https:\/\/mapasacademicos.com.br\/site\/#organization"},"potentialAction":[{"@type":"SearchAction","target":{"@type":"EntryPoint","urlTemplate":"https:\/\/mapasacademicos.com.br\/site\/?s={search_term_string}"},"query-input":{"@type":"PropertyValueSpecification","valueRequired":true,"valueName":"search_term_string"}}],"inLanguage":"pt-BR"},{"@type":"Organization","@id":"https:\/\/mapasacademicos.com.br\/site\/#organization","name":"Mapas Acad\u00eamicos","url":"https:\/\/mapasacademicos.com.br\/site\/","logo":{"@type":"ImageObject","inLanguage":"pt-BR","@id":"https:\/\/mapasacademicos.com.br\/site\/#\/schema\/logo\/image\/","url":"https:\/\/mapasacademicos.com.br\/site\/wp-content\/uploads\/2019\/01\/logo_site.png","contentUrl":"https:\/\/mapasacademicos.com.br\/site\/wp-content\/uploads\/2019\/01\/logo_site.png","width":350,"height":70,"caption":"Mapas Acad\u00eamicos"},"image":{"@id":"https:\/\/mapasacademicos.com.br\/site\/#\/schema\/logo\/image\/"},"sameAs":["https:\/\/www.facebook.com\/mapasacademicos.page\/"]}]}},"jetpack_sharing_enabled":true,"amp_enabled":true,"_links":{"self":[{"href":"https:\/\/mapasacademicos.com.br\/site\/wp-json\/wp\/v2\/pages\/65","targetHints":{"allow":["GET"]}}],"collection":[{"href":"https:\/\/mapasacademicos.com.br\/site\/wp-json\/wp\/v2\/pages"}],"about":[{"href":"https:\/\/mapasacademicos.com.br\/site\/wp-json\/wp\/v2\/types\/page"}],"author":[{"embeddable":true,"href":"https:\/\/mapasacademicos.com.br\/site\/wp-json\/wp\/v2\/users\/1"}],"replies":[{"embeddable":true,"href":"https:\/\/mapasacademicos.com.br\/site\/wp-json\/wp\/v2\/comments?post=65"}],"version-history":[{"count":0,"href":"https:\/\/mapasacademicos.com.br\/site\/wp-json\/wp\/v2\/pages\/65\/revisions"}],"wp:attachment":[{"href":"https:\/\/mapasacademicos.com.br\/site\/wp-json\/wp\/v2\/media?parent=65"}],"curies":[{"name":"wp","href":"https:\/\/api.w.org\/{rel}","templated":true}]}}