{"id":53,"date":"2016-11-12T12:48:58","date_gmt":"2016-11-12T14:48:58","guid":{"rendered":"http:\/\/mapasacademicos.com.br\/site\/?page_id=53"},"modified":"2016-11-12T12:48:58","modified_gmt":"2016-11-12T14:48:58","slug":"fotos-de-satelite-dos-municipios-do-rio-de-janeiro","status":"publish","type":"page","link":"https:\/\/mapasacademicos.com.br\/site\/fotos-de-satelite-dos-municipios-do-rio-de-janeiro\/","title":{"rendered":"Fotos de sat\u00e9lite dos munic\u00edpios do Rio de Janeiro"},"content":{"rendered":"<p style=\"text-align: justify;\">Selecione um munic\u00edpio do seu interesse e o sistema recuperar\u00e1 a folha de maior escala onde o centro da sede municipal se encontra. Eventualmente, pode ocorrer mais de uma cidade numa mesma folha.<\/p>\n<ul>\n<li><a href=\"http:\/\/www.cdbrasil.cnpm.embrapa.br\/rj\/htm0\/rj24_05.htm\" rel=\"nofollow\">Angra dos Reis<\/a><\/li>\n<li><a href=\"http:\/\/www.cdbrasil.cnpm.embrapa.br\/rj\/htm0\/rj12_23.htm\" rel=\"nofollow\">Aperibe<\/a><\/li>\n<li><a href=\"http:\/\/www.cdbrasil.cnpm.embrapa.br\/rj\/htm0\/rj22_21.htm\" rel=\"nofollow\">Araruama<\/a><\/li>\n<li><a href=\"http:\/\/www.cdbrasil.cnpm.embrapa.br\/rj\/htm0\/rj17_15.htm\" rel=\"nofollow\">Areal<\/a><\/li>\n<li><a href=\"http:\/\/www.cdbrasil.cnpm.embrapa.br\/rj\/htm0\/rj21_24.htm\" rel=\"nofollow\">Armacao de Buzios<\/a><\/li>\n<li><a href=\"http:\/\/www.cdbrasil.cnpm.embrapa.br\/rj\/htm0\/rj23_23.htm\" rel=\"nofollow\">Arraial do Cabo<\/a><\/li>\n<li><a href=\"http:\/\/www.cdbrasil.cnpm.embrapa.br\/rj\/htm0\/rj20_06.htm\" rel=\"nofollow\">Barra Mansa<\/a><\/li>\n<li><a href=\"http:\/\/www.cdbrasil.cnpm.embrapa.br\/rj\/htm0\/rj19_09.htm\" rel=\"nofollow\">Barra do Pirai<\/a><\/li>\n<li><a href=\"http:\/\/www.cdbrasil.cnpm.embrapa.br\/rj\/htm0\/rj22_12.htm\" rel=\"nofollow\">Belford Roxo<\/a><\/li>\n<li><a href=\"http:\/\/www.cdbrasil.cnpm.embrapa.br\/rj\/htm0\/rj17_20.htm\" rel=\"nofollow\">Bom Jardim<\/a><\/li>\n<li><a href=\"http:\/\/www.cdbrasil.cnpm.embrapa.br\/rj\/htm0\/rj09_26.htm\" rel=\"nofollow\">Bom Jesus do Itabapoana<\/a><\/li>\n<li><a href=\"http:\/\/www.cdbrasil.cnpm.embrapa.br\/rj\/htm0\/rj23_23.htm\" rel=\"nofollow\">Cabo Frio<\/a><\/li>\n<li><a href=\"http:\/\/www.cdbrasil.cnpm.embrapa.br\/rj\/htm0\/rj19_18.htm\" rel=\"nofollow\">Cachoeiras de Macacu<\/a><\/li>\n<li><a href=\"http:\/\/www.cdbrasil.cnpm.embrapa.br\/rj\/htm0\/rj12_24.htm\" rel=\"nofollow\">Cambuci<\/a><\/li>\n<li><a href=\"http:\/\/www.cdbrasil.cnpm.embrapa.br\/rj\/htm0\/rj14_29.htm\" rel=\"nofollow\">Campos dos Goytacazes<\/a><\/li>\n<li><a href=\"http:\/\/www.cdbrasil.cnpm.embrapa.br\/rj\/htm0\/rj15_21.htm\" rel=\"nofollow\">Cantagalo<\/a><\/li>\n<li><a href=\"http:\/\/www.cdbrasil.cnpm.embrapa.br\/rj\/htm0\/rj17_26.htm\" rel=\"nofollow\">Carapebus<\/a><\/li>\n<li><a href=\"http:\/\/www.cdbrasil.cnpm.embrapa.br\/rj\/htm0\/rj11_27.htm\" rel=\"nofollow\">Cardoso Moreira<\/a><\/li>\n<li><a href=\"http:\/\/www.cdbrasil.cnpm.embrapa.br\/rj\/htm0\/rj15_19.htm\" rel=\"nofollow\">Carmo<\/a><\/li>\n<li><a href=\"http:\/\/www.cdbrasil.cnpm.embrapa.br\/rj\/htm0\/rj19_22.htm\" rel=\"nofollow\">Casimiro de Abreu<\/a><\/li>\n<li><a href=\"http:\/\/www.cdbrasil.cnpm.embrapa.br\/rj\/htm0\/rj16_14.htm\" rel=\"nofollow\">Comendador Levy Gasparian<\/a><\/li>\n<li><a href=\"http:\/\/www.cdbrasil.cnpm.embrapa.br\/rj\/htm0\/rj16_25.htm\" rel=\"nofollow\">Conceicao de Macabu<\/a><\/li>\n<li><a href=\"http:\/\/www.cdbrasil.cnpm.embrapa.br\/rj\/htm0\/rj16_21.htm\" rel=\"nofollow\">Cordeiro<\/a><\/li>\n<li><a href=\"http:\/\/www.cdbrasil.cnpm.embrapa.br\/rj\/htm0\/rj16_19.htm\" rel=\"nofollow\">Duas Barras<\/a><\/li>\n<li><a href=\"http:\/\/www.cdbrasil.cnpm.embrapa.br\/rj\/htm0\/rj22_13.htm\" rel=\"nofollow\">Duque de Caxias<\/a><\/li>\n<li><a href=\"http:\/\/www.cdbrasil.cnpm.embrapa.br\/rj\/htm0\/rj20_10.htm\" rel=\"nofollow\">Engenheiro Paulo de Frontin<\/a><\/li>\n<li><a href=\"http:\/\/www.cdbrasil.cnpm.embrapa.br\/rj\/htm0\/rj20_16.htm\" rel=\"nofollow\">Guapimirim<\/a><\/li>\n<li><a href=\"http:\/\/www.cdbrasil.cnpm.embrapa.br\/rj\/htm0\/rj22_22.htm\" rel=\"nofollow\">Iguaba Grande<\/a><\/li>\n<li><a href=\"http:\/\/www.cdbrasil.cnpm.embrapa.br\/rj\/htm0\/rj21_17.htm\" rel=\"nofollow\">Itaborai<\/a><\/li>\n<li><a href=\"http:\/\/www.cdbrasil.cnpm.embrapa.br\/rj\/htm0\/rj22_09.htm\" rel=\"nofollow\">Itaguai<\/a><\/li>\n<li><a href=\"http:\/\/www.cdbrasil.cnpm.embrapa.br\/rj\/htm0\/rj11_26.htm\" rel=\"nofollow\">Italva<\/a><\/li>\n<li><a href=\"http:\/\/www.cdbrasil.cnpm.embrapa.br\/rj\/htm0\/rj13_23.htm\" rel=\"nofollow\">Itaocara<\/a><\/li>\n<li><a href=\"http:\/\/www.cdbrasil.cnpm.embrapa.br\/rj\/htm0\/rj09_24.htm\" rel=\"nofollow\">Itaperuna<\/a><\/li>\n<li><a href=\"http:\/\/www.cdbrasil.cnpm.embrapa.br\/rj\/htm0\/rj19_03.htm\" rel=\"nofollow\">Itatiaia<\/a><\/li>\n<li><a href=\"http:\/\/www.cdbrasil.cnpm.embrapa.br\/rj\/htm0\/rj21_10.htm\" rel=\"nofollow\">Japeri<\/a><\/li>\n<li><a href=\"http:\/\/www.cdbrasil.cnpm.embrapa.br\/rj\/htm0\/rj09_23.htm\" rel=\"nofollow\">Laje do Muriae<\/a><\/li>\n<li><a href=\"http:\/\/www.cdbrasil.cnpm.embrapa.br\/rj\/htm0\/rj18_25.htm\" rel=\"nofollow\">Macae<\/a><\/li>\n<li><a href=\"http:\/\/www.cdbrasil.cnpm.embrapa.br\/rj\/htm0\/rj15_21.htm\" rel=\"nofollow\">Macuco<\/a><\/li>\n<li><a href=\"http:\/\/www.cdbrasil.cnpm.embrapa.br\/rj\/htm0\/rj21_15.htm\" rel=\"nofollow\">Mage<\/a><\/li>\n<li><a href=\"http:\/\/www.cdbrasil.cnpm.embrapa.br\/rj\/htm0\/rj23_07.htm\" rel=\"nofollow\">Mangaratiba<\/a><\/li>\n<li><a href=\"http:\/\/www.cdbrasil.cnpm.embrapa.br\/rj\/htm0\/rj23_17.htm\" rel=\"nofollow\">Marica<\/a><\/li>\n<li><a href=\"http:\/\/www.cdbrasil.cnpm.embrapa.br\/rj\/htm0\/rj20_10.htm\" rel=\"nofollow\">Mendes<\/a><\/li>\n<li><a href=\"http:\/\/www.cdbrasil.cnpm.embrapa.br\/rj\/htm0\/rj19_12.htm\" rel=\"nofollow\">Miguel Pereira<\/a><\/li>\n<li><a href=\"http:\/\/www.cdbrasil.cnpm.embrapa.br\/rj\/htm0\/rj11_22.htm\" rel=\"nofollow\">Miracema<\/a><\/li>\n<li><a href=\"http:\/\/www.cdbrasil.cnpm.embrapa.br\/rj\/htm0\/rj08_24.htm\" rel=\"nofollow\">Natividade<\/a><\/li>\n<li><a href=\"http:\/\/www.cdbrasil.cnpm.embrapa.br\/rj\/htm0\/rj22_12.htm\" rel=\"nofollow\">Nilopolis<\/a><\/li>\n<li><a href=\"http:\/\/www.cdbrasil.cnpm.embrapa.br\/rj\/htm0\/rj23_15.htm\" rel=\"nofollow\">Niteroi<\/a><\/li>\n<li><a href=\"http:\/\/www.cdbrasil.cnpm.embrapa.br\/rj\/htm0\/rj18_19.htm\" rel=\"nofollow\">Nova Friburgo<\/a><\/li>\n<li><a href=\"http:\/\/www.cdbrasil.cnpm.embrapa.br\/rj\/htm0\/rj22_12.htm\" rel=\"nofollow\">Nova Iguacu<\/a><\/li>\n<li><a href=\"http:\/\/www.cdbrasil.cnpm.embrapa.br\/rj\/htm0\/rj20_10.htm\" rel=\"nofollow\">Paracambi<\/a><\/li>\n<li><a href=\"http:\/\/www.cdbrasil.cnpm.embrapa.br\/rj\/htm0\/rj17_13.htm\" rel=\"nofollow\">Paraiba do Sul<\/a><\/li>\n<li><a href=\"http:\/\/www.cdbrasil.cnpm.embrapa.br\/rj\/htm0\/rj25_02.htm\" rel=\"nofollow\">Parati<\/a><\/li>\n<li><a href=\"http:\/\/www.cdbrasil.cnpm.embrapa.br\/rj\/htm0\/rj19_12.htm\" rel=\"nofollow\">Paty do Alferes<\/a><\/li>\n<li><a href=\"http:\/\/www.cdbrasil.cnpm.embrapa.br\/rj\/htm0\/rj20_14.htm\" rel=\"nofollow\">Petropolis<\/a><\/li>\n<li><a href=\"http:\/\/www.cdbrasil.cnpm.embrapa.br\/rj\/htm0\/rj20_07.htm\" rel=\"nofollow\">Pinheiral<\/a><\/li>\n<li><a href=\"http:\/\/www.cdbrasil.cnpm.embrapa.br\/rj\/htm0\/rj21_08.htm\" rel=\"nofollow\">Pirai<\/a><\/li>\n<li><a href=\"http:\/\/www.cdbrasil.cnpm.embrapa.br\/rj\/htm0\/rj07_23.htm\" rel=\"nofollow\">Porciuncula<\/a><\/li>\n<li><a href=\"http:\/\/www.cdbrasil.cnpm.embrapa.br\/rj\/htm0\/rj19_05.htm\" rel=\"nofollow\">Porto Real<\/a><\/li>\n<li><a href=\"http:\/\/www.cdbrasil.cnpm.embrapa.br\/rj\/htm0\/rj19_05.htm\" rel=\"nofollow\">Quatis<\/a><\/li>\n<li><a href=\"http:\/\/www.cdbrasil.cnpm.embrapa.br\/rj\/htm0\/rj21_11.htm\" rel=\"nofollow\">Queimados<\/a><\/li>\n<li><a href=\"http:\/\/www.cdbrasil.cnpm.embrapa.br\/rj\/htm0\/rj16_28.htm\" rel=\"nofollow\">Quissama<\/a><\/li>\n<li><a href=\"http:\/\/www.cdbrasil.cnpm.embrapa.br\/rj\/htm0\/rj19_04.htm\" rel=\"nofollow\">Resende<\/a><\/li>\n<li><a href=\"http:\/\/www.cdbrasil.cnpm.embrapa.br\/rj\/htm0\/rj21_19.htm\" rel=\"nofollow\">Rio Bonito<\/a><\/li>\n<li><a href=\"http:\/\/www.cdbrasil.cnpm.embrapa.br\/rj\/htm0\/rj21_06.htm\" rel=\"nofollow\">Rio Claro<\/a><\/li>\n<li><a href=\"http:\/\/www.cdbrasil.cnpm.embrapa.br\/rj\/htm0\/rj17_11.htm\" rel=\"nofollow\">Rio das Flores<\/a><\/li>\n<li><a href=\"http:\/\/www.cdbrasil.cnpm.embrapa.br\/rj\/htm0\/rj20_24.htm\" rel=\"nofollow\">Rio das Ostras<\/a><\/li>\n<li><a href=\"http:\/\/www.mapa-brasil.com\/Mapas_Fotos_Imagens_Satelite_Rio_Janeiro_Brasil.htm\">Rio de Janeiro<\/a>\u00a0(Mapas, Fotos Sat\u00e9lite)<\/li>\n<li><a href=\"http:\/\/www.cdbrasil.cnpm.embrapa.br\/rj\/htm0\/rj15_23.htm\" rel=\"nofollow\">Santa Maria Madalena<\/a><\/li>\n<li><a href=\"http:\/\/www.cdbrasil.cnpm.embrapa.br\/rj\/htm0\/rj12_22.htm\" rel=\"nofollow\">Santo Antonio de Padua<\/a><\/li>\n<li><a href=\"http:\/\/www.cdbrasil.cnpm.embrapa.br\/rj\/htm0\/rj13_26.htm\" rel=\"nofollow\">Sao Fidelis<\/a><\/li>\n<li><a href=\"http:\/\/www.cdbrasil.cnpm.embrapa.br\/rj\/htm0\/rj10_32.htm\" rel=\"nofollow\">Sao Francisco de Itabapoana<\/a><\/li>\n<li><a href=\"http:\/\/www.cdbrasil.cnpm.embrapa.br\/rj\/htm0\/rj22_15.htm\" rel=\"nofollow\">Sao Goncalo<\/a><\/li>\n<li><a href=\"http:\/\/www.cdbrasil.cnpm.embrapa.br\/rj\/htm0\/rj13_31.htm\" rel=\"nofollow\">Sao Joao da Barra<\/a><\/li>\n<li><a href=\"http:\/\/www.cdbrasil.cnpm.embrapa.br\/rj\/htm0\/rj22_13.htm\" rel=\"nofollow\">Sao Joao de Meriti<\/a><\/li>\n<li><a href=\"http:\/\/www.cdbrasil.cnpm.embrapa.br\/rj\/htm0\/rj10_24.htm\" rel=\"nofollow\">Sao Jose de Uba<\/a><\/li>\n<li><a href=\"http:\/\/www.cdbrasil.cnpm.embrapa.br\/rj\/htm0\/rj17_16.htm\" rel=\"nofollow\">Sao Jose do Vale do Rio Preto<\/a><\/li>\n<li><a href=\"http:\/\/www.cdbrasil.cnpm.embrapa.br\/rj\/htm0\/rj22_23.htm\" rel=\"nofollow\">Sao Pedro da Aldeia<\/a><\/li>\n<li><a href=\"http:\/\/www.cdbrasil.cnpm.embrapa.br\/rj\/htm0\/rj15_22.htm\" rel=\"nofollow\">Sao Sebastiao do Alto<\/a><\/li>\n<li><a href=\"http:\/\/www.cdbrasil.cnpm.embrapa.br\/rj\/htm0\/rj15_16.htm\" rel=\"nofollow\">Sapucaia<\/a><\/li>\n<li><a href=\"http:\/\/www.cdbrasil.cnpm.embrapa.br\/rj\/htm0\/rj23_19.htm\" rel=\"nofollow\">Saquarema<\/a><\/li>\n<li><a href=\"http:\/\/www.cdbrasil.cnpm.embrapa.br\/rj\/htm0\/rj21_10.htm\" rel=\"nofollow\">Seropedica<\/a><\/li>\n<li><a href=\"http:\/\/www.cdbrasil.cnpm.embrapa.br\/rj\/htm0\/rj21_20.htm\" rel=\"nofollow\">Silva Jardim<\/a><\/li>\n<li><a href=\"http:\/\/www.cdbrasil.cnpm.embrapa.br\/rj\/htm0\/rj16_18.htm\" rel=\"nofollow\">Sumidouro<\/a><\/li>\n<li><a href=\"http:\/\/www.cdbrasil.cnpm.embrapa.br\/rj\/htm0\/rj21_18.htm\" rel=\"nofollow\">Tangua<\/a><\/li>\n<li><a href=\"http:\/\/www.cdbrasil.cnpm.embrapa.br\/rj\/htm0\/rj19_16.htm\" rel=\"nofollow\">Teresopolis<\/a><\/li>\n<li><a href=\"http:\/\/www.cdbrasil.cnpm.embrapa.br\/rj\/htm0\/rj16_23.htm\" rel=\"nofollow\">Trajano de Morais<\/a><\/li>\n<li><a href=\"http:\/\/www.cdbrasil.cnpm.embrapa.br\/rj\/htm0\/rj16_14.htm\" rel=\"nofollow\">Tres Rios<\/a><\/li>\n<li><a href=\"http:\/\/www.cdbrasil.cnpm.embrapa.br\/rj\/htm0\/rj17_10.htm\" rel=\"nofollow\">Valenca<\/a><\/li>\n<li><a href=\"http:\/\/www.cdbrasil.cnpm.embrapa.br\/rj\/htm0\/rj07_25.htm\" rel=\"nofollow\">Varre-Sai<\/a><\/li>\n<li><a href=\"http:\/\/www.cdbrasil.cnpm.embrapa.br\/rj\/htm0\/rj19_10.htm\" rel=\"nofollow\">Vassouras<\/a><\/li>\n<li><a href=\"http:\/\/www.cdbrasil.cnpm.embrapa.br\/rj\/htm0\/rj20_07.htm\" rel=\"nofollow\">Volta Redonda<\/a><\/li>\n<\/ul>\n<div>\n<hr \/>\n<p>Refer\u00eancia:<\/p>\n<p>MIRANDA, E. E. de; COUTINHO, A. C. (Coord.).\u00a0\u00a0<strong>Brasil Visto do Espa\u00e7o.<\/strong>\u00a0\u00a0Campinas: Embrapa Monitoramento por Sat\u00e9lite, 2004.\u00a0\u00a0Dispon\u00edvel em: &lt;http:\/\/www.cdbrasil.cnpm.embrapa.br&gt;.\u00a0\u00a0Acesso em: 23 set. 2014.<\/div>\n","protected":false},"excerpt":{"rendered":"<p>Selecione um munic\u00edpio do seu interesse e o sistema recuperar\u00e1 a folha de maior escala onde o centro da sede municipal se encontra. Eventualmente, pode ocorrer mais de uma cidade numa mesma folha. Angra dos Reis Aperibe Araruama Areal Armacao de Buzios Arraial do Cabo Barra Mansa Barra do Pirai Belford Roxo Bom Jardim Bom [&hellip;]<\/p>\n","protected":false},"author":1,"featured_media":0,"parent":0,"menu_order":0,"comment_status":"closed","ping_status":"closed","template":"","meta":{"site-sidebar-layout":"default","site-content-layout":"","ast-site-content-layout":"default","site-content-style":"default","site-sidebar-style":"default","ast-global-header-display":"","ast-banner-title-visibility":"","ast-main-header-display":"","ast-hfb-above-header-display":"","ast-hfb-below-header-display":"","ast-hfb-mobile-header-display":"","site-post-title":"","ast-breadcrumbs-content":"","ast-featured-img":"","footer-sml-layout":"","ast-disable-related-posts":"","theme-transparent-header-meta":"","adv-header-id-meta":"","stick-header-meta":"","header-above-stick-meta":"","header-main-stick-meta":"","header-below-stick-meta":"","astra-migrate-meta-layouts":"default","ast-page-background-enabled":"default","ast-page-background-meta":{"desktop":{"background-color":"","background-image":"","background-repeat":"repeat","background-position":"center center","background-size":"auto","background-attachment":"scroll","background-type":"","background-media":"","overlay-type":"","overlay-color":"","overlay-opacity":"","overlay-gradient":""},"tablet":{"background-color":"","background-image":"","background-repeat":"repeat","background-position":"center center","background-size":"auto","background-attachment":"scroll","background-type":"","background-media":"","overlay-type":"","overlay-color":"","overlay-opacity":"","overlay-gradient":""},"mobile":{"background-color":"","background-image":"","background-repeat":"repeat","background-position":"center center","background-size":"auto","background-attachment":"scroll","background-type":"","background-media":"","overlay-type":"","overlay-color":"","overlay-opacity":"","overlay-gradient":""}},"ast-content-background-meta":{"desktop":{"background-color":"var(--ast-global-color-5)","background-image":"","background-repeat":"repeat","background-position":"center center","background-size":"auto","background-attachment":"scroll","background-type":"","background-media":"","overlay-type":"","overlay-color":"","overlay-opacity":"","overlay-gradient":""},"tablet":{"background-color":"var(--ast-global-color-5)","background-image":"","background-repeat":"repeat","background-position":"center center","background-size":"auto","background-attachment":"scroll","background-type":"","background-media":"","overlay-type":"","overlay-color":"","overlay-opacity":"","overlay-gradient":""},"mobile":{"background-color":"var(--ast-global-color-5)","background-image":"","background-repeat":"repeat","background-position":"center center","background-size":"auto","background-attachment":"scroll","background-type":"","background-media":"","overlay-type":"","overlay-color":"","overlay-opacity":"","overlay-gradient":""}},"footnotes":""},"class_list":["post-53","page","type-page","status-publish","hentry"],"yoast_head":"<!-- This site is optimized with the Yoast SEO plugin v27.4 - https:\/\/yoast.com\/product\/yoast-seo-wordpress\/ -->\n<title>Fotos de sat\u00e9lite dos munic\u00edpios do Rio de Janeiro | Mapas Acad\u00eamicos<\/title>\n<meta name=\"robots\" content=\"index, follow, max-snippet:-1, max-image-preview:large, max-video-preview:-1\" \/>\n<link rel=\"canonical\" href=\"https:\/\/mapasacademicos.com.br\/site\/fotos-de-satelite-dos-municipios-do-rio-de-janeiro\/\" \/>\n<meta property=\"og:locale\" content=\"pt_BR\" \/>\n<meta property=\"og:type\" content=\"article\" \/>\n<meta property=\"og:title\" content=\"Fotos de sat\u00e9lite dos munic\u00edpios do Rio de Janeiro | Mapas Acad\u00eamicos\" \/>\n<meta property=\"og:description\" content=\"Selecione um munic\u00edpio do seu interesse e o sistema recuperar\u00e1 a folha de maior escala onde o centro da sede municipal se encontra. Eventualmente, pode ocorrer mais de uma cidade numa mesma folha. Angra dos Reis Aperibe Araruama Areal Armacao de Buzios Arraial do Cabo Barra Mansa Barra do Pirai Belford Roxo Bom Jardim Bom [&hellip;]\" \/>\n<meta property=\"og:url\" content=\"https:\/\/mapasacademicos.com.br\/site\/fotos-de-satelite-dos-municipios-do-rio-de-janeiro\/\" \/>\n<meta property=\"og:site_name\" content=\"Mapas Acad\u00eamicos\" \/>\n<meta property=\"article:publisher\" content=\"https:\/\/www.facebook.com\/mapasacademicos.page\/\" \/>\n<meta property=\"og:image\" content=\"https:\/\/mapasacademicos.com.br\/site\/wp-content\/uploads\/2017\/05\/noticias_evento_geo.jpg\" \/>\n\t<meta property=\"og:image:width\" content=\"409\" \/>\n\t<meta property=\"og:image:height\" content=\"273\" \/>\n\t<meta property=\"og:image:type\" content=\"image\/jpeg\" \/>\n<meta name=\"twitter:card\" content=\"summary_large_image\" \/>\n<meta name=\"twitter:label1\" content=\"Est. tempo de leitura\" \/>\n\t<meta name=\"twitter:data1\" content=\"1 minuto\" \/>\n<script type=\"application\/ld+json\" class=\"yoast-schema-graph\">{\"@context\":\"https:\\\/\\\/schema.org\",\"@graph\":[{\"@type\":\"WebPage\",\"@id\":\"https:\\\/\\\/mapasacademicos.com.br\\\/site\\\/fotos-de-satelite-dos-municipios-do-rio-de-janeiro\\\/\",\"url\":\"https:\\\/\\\/mapasacademicos.com.br\\\/site\\\/fotos-de-satelite-dos-municipios-do-rio-de-janeiro\\\/\",\"name\":\"Fotos de sat\u00e9lite dos munic\u00edpios do Rio de Janeiro | Mapas Acad\u00eamicos\",\"isPartOf\":{\"@id\":\"https:\\\/\\\/mapasacademicos.com.br\\\/site\\\/#website\"},\"datePublished\":\"2016-11-12T14:48:58+00:00\",\"breadcrumb\":{\"@id\":\"https:\\\/\\\/mapasacademicos.com.br\\\/site\\\/fotos-de-satelite-dos-municipios-do-rio-de-janeiro\\\/#breadcrumb\"},\"inLanguage\":\"pt-BR\",\"potentialAction\":[{\"@type\":\"ReadAction\",\"target\":[\"https:\\\/\\\/mapasacademicos.com.br\\\/site\\\/fotos-de-satelite-dos-municipios-do-rio-de-janeiro\\\/\"]}]},{\"@type\":\"BreadcrumbList\",\"@id\":\"https:\\\/\\\/mapasacademicos.com.br\\\/site\\\/fotos-de-satelite-dos-municipios-do-rio-de-janeiro\\\/#breadcrumb\",\"itemListElement\":[{\"@type\":\"ListItem\",\"position\":1,\"name\":\"Home\",\"item\":\"https:\\\/\\\/mapasacademicos.com.br\\\/site\\\/\"},{\"@type\":\"ListItem\",\"position\":2,\"name\":\"Fotos de sat\u00e9lite dos munic\u00edpios do Rio de Janeiro\"}]},{\"@type\":\"WebSite\",\"@id\":\"https:\\\/\\\/mapasacademicos.com.br\\\/site\\\/#website\",\"url\":\"https:\\\/\\\/mapasacademicos.com.br\\\/site\\\/\",\"name\":\"Mapas Acad\u00eamicos\",\"description\":\"Divulgando conhecimento geogr\u00e1fico\",\"publisher\":{\"@id\":\"https:\\\/\\\/mapasacademicos.com.br\\\/site\\\/#organization\"},\"potentialAction\":[{\"@type\":\"SearchAction\",\"target\":{\"@type\":\"EntryPoint\",\"urlTemplate\":\"https:\\\/\\\/mapasacademicos.com.br\\\/site\\\/?s={search_term_string}\"},\"query-input\":{\"@type\":\"PropertyValueSpecification\",\"valueRequired\":true,\"valueName\":\"search_term_string\"}}],\"inLanguage\":\"pt-BR\"},{\"@type\":\"Organization\",\"@id\":\"https:\\\/\\\/mapasacademicos.com.br\\\/site\\\/#organization\",\"name\":\"Mapas Acad\u00eamicos\",\"url\":\"https:\\\/\\\/mapasacademicos.com.br\\\/site\\\/\",\"logo\":{\"@type\":\"ImageObject\",\"inLanguage\":\"pt-BR\",\"@id\":\"https:\\\/\\\/mapasacademicos.com.br\\\/site\\\/#\\\/schema\\\/logo\\\/image\\\/\",\"url\":\"https:\\\/\\\/mapasacademicos.com.br\\\/site\\\/wp-content\\\/uploads\\\/2019\\\/01\\\/logo_site.png\",\"contentUrl\":\"https:\\\/\\\/mapasacademicos.com.br\\\/site\\\/wp-content\\\/uploads\\\/2019\\\/01\\\/logo_site.png\",\"width\":350,\"height\":70,\"caption\":\"Mapas Acad\u00eamicos\"},\"image\":{\"@id\":\"https:\\\/\\\/mapasacademicos.com.br\\\/site\\\/#\\\/schema\\\/logo\\\/image\\\/\"},\"sameAs\":[\"https:\\\/\\\/www.facebook.com\\\/mapasacademicos.page\\\/\"]}]}<\/script>\n<!-- \/ Yoast SEO plugin. -->","yoast_head_json":{"title":"Fotos de sat\u00e9lite dos munic\u00edpios do Rio de Janeiro | Mapas Acad\u00eamicos","robots":{"index":"index","follow":"follow","max-snippet":"max-snippet:-1","max-image-preview":"max-image-preview:large","max-video-preview":"max-video-preview:-1"},"canonical":"https:\/\/mapasacademicos.com.br\/site\/fotos-de-satelite-dos-municipios-do-rio-de-janeiro\/","og_locale":"pt_BR","og_type":"article","og_title":"Fotos de sat\u00e9lite dos munic\u00edpios do Rio de Janeiro | Mapas Acad\u00eamicos","og_description":"Selecione um munic\u00edpio do seu interesse e o sistema recuperar\u00e1 a folha de maior escala onde o centro da sede municipal se encontra. Eventualmente, pode ocorrer mais de uma cidade numa mesma folha. Angra dos Reis Aperibe Araruama Areal Armacao de Buzios Arraial do Cabo Barra Mansa Barra do Pirai Belford Roxo Bom Jardim Bom [&hellip;]","og_url":"https:\/\/mapasacademicos.com.br\/site\/fotos-de-satelite-dos-municipios-do-rio-de-janeiro\/","og_site_name":"Mapas Acad\u00eamicos","article_publisher":"https:\/\/www.facebook.com\/mapasacademicos.page\/","og_image":[{"width":409,"height":273,"url":"https:\/\/mapasacademicos.com.br\/site\/wp-content\/uploads\/2017\/05\/noticias_evento_geo.jpg","type":"image\/jpeg"}],"twitter_card":"summary_large_image","twitter_misc":{"Est. tempo de leitura":"1 minuto"},"schema":{"@context":"https:\/\/schema.org","@graph":[{"@type":"WebPage","@id":"https:\/\/mapasacademicos.com.br\/site\/fotos-de-satelite-dos-municipios-do-rio-de-janeiro\/","url":"https:\/\/mapasacademicos.com.br\/site\/fotos-de-satelite-dos-municipios-do-rio-de-janeiro\/","name":"Fotos de sat\u00e9lite dos munic\u00edpios do Rio de Janeiro | Mapas Acad\u00eamicos","isPartOf":{"@id":"https:\/\/mapasacademicos.com.br\/site\/#website"},"datePublished":"2016-11-12T14:48:58+00:00","breadcrumb":{"@id":"https:\/\/mapasacademicos.com.br\/site\/fotos-de-satelite-dos-municipios-do-rio-de-janeiro\/#breadcrumb"},"inLanguage":"pt-BR","potentialAction":[{"@type":"ReadAction","target":["https:\/\/mapasacademicos.com.br\/site\/fotos-de-satelite-dos-municipios-do-rio-de-janeiro\/"]}]},{"@type":"BreadcrumbList","@id":"https:\/\/mapasacademicos.com.br\/site\/fotos-de-satelite-dos-municipios-do-rio-de-janeiro\/#breadcrumb","itemListElement":[{"@type":"ListItem","position":1,"name":"Home","item":"https:\/\/mapasacademicos.com.br\/site\/"},{"@type":"ListItem","position":2,"name":"Fotos de sat\u00e9lite dos munic\u00edpios do Rio de Janeiro"}]},{"@type":"WebSite","@id":"https:\/\/mapasacademicos.com.br\/site\/#website","url":"https:\/\/mapasacademicos.com.br\/site\/","name":"Mapas Acad\u00eamicos","description":"Divulgando conhecimento geogr\u00e1fico","publisher":{"@id":"https:\/\/mapasacademicos.com.br\/site\/#organization"},"potentialAction":[{"@type":"SearchAction","target":{"@type":"EntryPoint","urlTemplate":"https:\/\/mapasacademicos.com.br\/site\/?s={search_term_string}"},"query-input":{"@type":"PropertyValueSpecification","valueRequired":true,"valueName":"search_term_string"}}],"inLanguage":"pt-BR"},{"@type":"Organization","@id":"https:\/\/mapasacademicos.com.br\/site\/#organization","name":"Mapas Acad\u00eamicos","url":"https:\/\/mapasacademicos.com.br\/site\/","logo":{"@type":"ImageObject","inLanguage":"pt-BR","@id":"https:\/\/mapasacademicos.com.br\/site\/#\/schema\/logo\/image\/","url":"https:\/\/mapasacademicos.com.br\/site\/wp-content\/uploads\/2019\/01\/logo_site.png","contentUrl":"https:\/\/mapasacademicos.com.br\/site\/wp-content\/uploads\/2019\/01\/logo_site.png","width":350,"height":70,"caption":"Mapas Acad\u00eamicos"},"image":{"@id":"https:\/\/mapasacademicos.com.br\/site\/#\/schema\/logo\/image\/"},"sameAs":["https:\/\/www.facebook.com\/mapasacademicos.page\/"]}]}},"jetpack_sharing_enabled":true,"amp_enabled":true,"_links":{"self":[{"href":"https:\/\/mapasacademicos.com.br\/site\/wp-json\/wp\/v2\/pages\/53","targetHints":{"allow":["GET"]}}],"collection":[{"href":"https:\/\/mapasacademicos.com.br\/site\/wp-json\/wp\/v2\/pages"}],"about":[{"href":"https:\/\/mapasacademicos.com.br\/site\/wp-json\/wp\/v2\/types\/page"}],"author":[{"embeddable":true,"href":"https:\/\/mapasacademicos.com.br\/site\/wp-json\/wp\/v2\/users\/1"}],"replies":[{"embeddable":true,"href":"https:\/\/mapasacademicos.com.br\/site\/wp-json\/wp\/v2\/comments?post=53"}],"version-history":[{"count":0,"href":"https:\/\/mapasacademicos.com.br\/site\/wp-json\/wp\/v2\/pages\/53\/revisions"}],"wp:attachment":[{"href":"https:\/\/mapasacademicos.com.br\/site\/wp-json\/wp\/v2\/media?parent=53"}],"curies":[{"name":"wp","href":"https:\/\/api.w.org\/{rel}","templated":true}]}}