{"id":45,"date":"2016-11-12T12:43:39","date_gmt":"2016-11-12T14:43:39","guid":{"rendered":"http:\/\/mapasacademicos.com.br\/site\/?page_id=45"},"modified":"2016-11-12T12:43:39","modified_gmt":"2016-11-12T14:43:39","slug":"fotos-de-satelite-dos-municipios-de-roraima","status":"publish","type":"page","link":"https:\/\/mapasacademicos.com.br\/site\/fotos-de-satelite-dos-municipios-de-roraima\/","title":{"rendered":"Fotos de sat\u00e9lite dos munic\u00edpios de Roraima"},"content":{"rendered":"<p style=\"text-align: justify;\">Selecione um munic\u00edpio do seu interesse e o sistema recuperar\u00e1 a folha de maior escala onde o centro da sede municipal se encontra. Eventualmente, pode ocorrer mais de uma cidade numa mesma folha.<\/p>\n<ul>\n<li style=\"text-align: justify;\"><a href=\"http:\/\/www.cdbrasil.cnpm.embrapa.br\/rr\/htm0\/rr12_18.htm\" rel=\"nofollow\">Alto Alegre<\/a><\/li>\n<li><a href=\"http:\/\/www.cdbrasil.cnpm.embrapa.br\/rr\/htm0\/rr09_18.htm\" rel=\"nofollow\">Amajari<\/a><\/li>\n<li><a href=\"http:\/\/www.cdbrasil.cnpm.embrapa.br\/rr\/htm0\/rr12_21.htm\" rel=\"nofollow\">Boa Vista<\/a><\/li>\n<li><a href=\"http:\/\/www.cdbrasil.cnpm.embrapa.br\/rr\/htm0\/rr10_24.htm\" rel=\"nofollow\">Bonfim<\/a><\/li>\n<li><a href=\"http:\/\/www.cdbrasil.cnpm.embrapa.br\/rr\/htm0\/rr13_21.htm\" rel=\"nofollow\">Canta<\/a><\/li>\n<li><a href=\"http:\/\/www.cdbrasil.cnpm.embrapa.br\/rr\/htm0\/rr16_19.htm\" rel=\"nofollow\">Caracarai<\/a><\/li>\n<li><a href=\"http:\/\/www.cdbrasil.cnpm.embrapa.br\/rr\/htm0\/rr20_25.htm\" rel=\"nofollow\">Caroebe<\/a><\/li>\n<li><a href=\"http:\/\/www.cdbrasil.cnpm.embrapa.br\/rr\/htm0\/rr15_19.htm\" rel=\"nofollow\">Iracema<\/a><\/li>\n<li><a href=\"http:\/\/www.cdbrasil.cnpm.embrapa.br\/rr\/htm0\/rr14_20.htm\" rel=\"nofollow\">Mucajai<\/a><\/li>\n<li><a href=\"http:\/\/www.cdbrasil.cnpm.embrapa.br\/rr\/htm0\/rr08_25.htm\" rel=\"nofollow\">Normandia<\/a><\/li>\n<li><a href=\"http:\/\/www.cdbrasil.cnpm.embrapa.br\/rr\/htm0\/rr06_19.htm\" rel=\"nofollow\">Pacaraima<\/a><\/li>\n<li><a href=\"http:\/\/www.cdbrasil.cnpm.embrapa.br\/rr\/htm0\/rr20_22.htm\" rel=\"nofollow\">Rorainopolis<\/a><\/li>\n<li><a href=\"http:\/\/www.cdbrasil.cnpm.embrapa.br\/rr\/htm0\/rr20_24.htm\" rel=\"nofollow\">Sao Joao da Baliza<\/a><\/li>\n<li><a href=\"http:\/\/www.cdbrasil.cnpm.embrapa.br\/rr\/htm0\/rr19_23.htm\" rel=\"nofollow\">Sao Luiz<\/a><\/li>\n<li><a href=\"http:\/\/www.cdbrasil.cnpm.embrapa.br\/rr\/htm0\/rr05_23.htm\" rel=\"nofollow\">Uiramuta<\/a><\/li>\n<\/ul>\n<div>\n<hr \/>\n<p>Refer\u00eancia:<\/p>\n<p>MIRANDA, E. E. de; COUTINHO, A. C. (Coord.).\u00a0\u00a0<strong>Brasil Visto do Espa\u00e7o.<\/strong>\u00a0\u00a0Campinas: Embrapa Monitoramento por Sat\u00e9lite, 2004.\u00a0\u00a0Dispon\u00edvel em: &lt;http:\/\/www.cdbrasil.cnpm.embrapa.br&gt;.\u00a0\u00a0Acesso em: 23 set. 2014.<\/div>\n","protected":false},"excerpt":{"rendered":"<p>Selecione um munic\u00edpio do seu interesse e o sistema recuperar\u00e1 a folha de maior escala onde o centro da sede municipal se encontra. Eventualmente, pode ocorrer mais de uma cidade numa mesma folha. Alto Alegre Amajari Boa Vista Bonfim Canta Caracarai Caroebe Iracema Mucajai Normandia Pacaraima Rorainopolis Sao Joao da Baliza Sao Luiz Uiramuta Refer\u00eancia: [&hellip;]<\/p>\n","protected":false},"author":1,"featured_media":0,"parent":0,"menu_order":0,"comment_status":"closed","ping_status":"closed","template":"","meta":{"site-sidebar-layout":"default","site-content-layout":"","ast-site-content-layout":"default","site-content-style":"default","site-sidebar-style":"default","ast-global-header-display":"","ast-banner-title-visibility":"","ast-main-header-display":"","ast-hfb-above-header-display":"","ast-hfb-below-header-display":"","ast-hfb-mobile-header-display":"","site-post-title":"","ast-breadcrumbs-content":"","ast-featured-img":"","footer-sml-layout":"","ast-disable-related-posts":"","theme-transparent-header-meta":"","adv-header-id-meta":"","stick-header-meta":"","header-above-stick-meta":"","header-main-stick-meta":"","header-below-stick-meta":"","astra-migrate-meta-layouts":"default","ast-page-background-enabled":"default","ast-page-background-meta":{"desktop":{"background-color":"","background-image":"","background-repeat":"repeat","background-position":"center center","background-size":"auto","background-attachment":"scroll","background-type":"","background-media":"","overlay-type":"","overlay-color":"","overlay-opacity":"","overlay-gradient":""},"tablet":{"background-color":"","background-image":"","background-repeat":"repeat","background-position":"center center","background-size":"auto","background-attachment":"scroll","background-type":"","background-media":"","overlay-type":"","overlay-color":"","overlay-opacity":"","overlay-gradient":""},"mobile":{"background-color":"","background-image":"","background-repeat":"repeat","background-position":"center center","background-size":"auto","background-attachment":"scroll","background-type":"","background-media":"","overlay-type":"","overlay-color":"","overlay-opacity":"","overlay-gradient":""}},"ast-content-background-meta":{"desktop":{"background-color":"var(--ast-global-color-5)","background-image":"","background-repeat":"repeat","background-position":"center center","background-size":"auto","background-attachment":"scroll","background-type":"","background-media":"","overlay-type":"","overlay-color":"","overlay-opacity":"","overlay-gradient":""},"tablet":{"background-color":"var(--ast-global-color-5)","background-image":"","background-repeat":"repeat","background-position":"center center","background-size":"auto","background-attachment":"scroll","background-type":"","background-media":"","overlay-type":"","overlay-color":"","overlay-opacity":"","overlay-gradient":""},"mobile":{"background-color":"var(--ast-global-color-5)","background-image":"","background-repeat":"repeat","background-position":"center center","background-size":"auto","background-attachment":"scroll","background-type":"","background-media":"","overlay-type":"","overlay-color":"","overlay-opacity":"","overlay-gradient":""}},"footnotes":""},"class_list":["post-45","page","type-page","status-publish","hentry"],"yoast_head":"<!-- This site is optimized with the Yoast SEO plugin v27.4 - https:\/\/yoast.com\/product\/yoast-seo-wordpress\/ -->\n<title>Fotos de sat\u00e9lite dos munic\u00edpios de Roraima | Mapas Acad\u00eamicos<\/title>\n<meta name=\"robots\" content=\"index, follow, max-snippet:-1, max-image-preview:large, max-video-preview:-1\" \/>\n<link rel=\"canonical\" href=\"https:\/\/mapasacademicos.com.br\/site\/fotos-de-satelite-dos-municipios-de-roraima\/\" \/>\n<meta property=\"og:locale\" content=\"pt_BR\" \/>\n<meta property=\"og:type\" content=\"article\" \/>\n<meta property=\"og:title\" content=\"Fotos de sat\u00e9lite dos munic\u00edpios de Roraima | Mapas Acad\u00eamicos\" \/>\n<meta property=\"og:description\" content=\"Selecione um munic\u00edpio do seu interesse e o sistema recuperar\u00e1 a folha de maior escala onde o centro da sede municipal se encontra. Eventualmente, pode ocorrer mais de uma cidade numa mesma folha. Alto Alegre Amajari Boa Vista Bonfim Canta Caracarai Caroebe Iracema Mucajai Normandia Pacaraima Rorainopolis Sao Joao da Baliza Sao Luiz Uiramuta Refer\u00eancia: [&hellip;]\" \/>\n<meta property=\"og:url\" content=\"https:\/\/mapasacademicos.com.br\/site\/fotos-de-satelite-dos-municipios-de-roraima\/\" \/>\n<meta property=\"og:site_name\" content=\"Mapas Acad\u00eamicos\" \/>\n<meta property=\"article:publisher\" content=\"https:\/\/www.facebook.com\/mapasacademicos.page\/\" \/>\n<meta property=\"og:image\" content=\"https:\/\/mapasacademicos.com.br\/site\/wp-content\/uploads\/2017\/05\/noticias_evento_geo.jpg\" \/>\n\t<meta property=\"og:image:width\" content=\"409\" \/>\n\t<meta property=\"og:image:height\" content=\"273\" \/>\n\t<meta property=\"og:image:type\" content=\"image\/jpeg\" \/>\n<meta name=\"twitter:card\" content=\"summary_large_image\" \/>\n<script type=\"application\/ld+json\" class=\"yoast-schema-graph\">{\"@context\":\"https:\\\/\\\/schema.org\",\"@graph\":[{\"@type\":\"WebPage\",\"@id\":\"https:\\\/\\\/mapasacademicos.com.br\\\/site\\\/fotos-de-satelite-dos-municipios-de-roraima\\\/\",\"url\":\"https:\\\/\\\/mapasacademicos.com.br\\\/site\\\/fotos-de-satelite-dos-municipios-de-roraima\\\/\",\"name\":\"Fotos de sat\u00e9lite dos munic\u00edpios de Roraima | Mapas Acad\u00eamicos\",\"isPartOf\":{\"@id\":\"https:\\\/\\\/mapasacademicos.com.br\\\/site\\\/#website\"},\"datePublished\":\"2016-11-12T14:43:39+00:00\",\"breadcrumb\":{\"@id\":\"https:\\\/\\\/mapasacademicos.com.br\\\/site\\\/fotos-de-satelite-dos-municipios-de-roraima\\\/#breadcrumb\"},\"inLanguage\":\"pt-BR\",\"potentialAction\":[{\"@type\":\"ReadAction\",\"target\":[\"https:\\\/\\\/mapasacademicos.com.br\\\/site\\\/fotos-de-satelite-dos-municipios-de-roraima\\\/\"]}]},{\"@type\":\"BreadcrumbList\",\"@id\":\"https:\\\/\\\/mapasacademicos.com.br\\\/site\\\/fotos-de-satelite-dos-municipios-de-roraima\\\/#breadcrumb\",\"itemListElement\":[{\"@type\":\"ListItem\",\"position\":1,\"name\":\"Home\",\"item\":\"https:\\\/\\\/mapasacademicos.com.br\\\/site\\\/\"},{\"@type\":\"ListItem\",\"position\":2,\"name\":\"Fotos de sat\u00e9lite dos munic\u00edpios de Roraima\"}]},{\"@type\":\"WebSite\",\"@id\":\"https:\\\/\\\/mapasacademicos.com.br\\\/site\\\/#website\",\"url\":\"https:\\\/\\\/mapasacademicos.com.br\\\/site\\\/\",\"name\":\"Mapas Acad\u00eamicos\",\"description\":\"Divulgando conhecimento geogr\u00e1fico\",\"publisher\":{\"@id\":\"https:\\\/\\\/mapasacademicos.com.br\\\/site\\\/#organization\"},\"potentialAction\":[{\"@type\":\"SearchAction\",\"target\":{\"@type\":\"EntryPoint\",\"urlTemplate\":\"https:\\\/\\\/mapasacademicos.com.br\\\/site\\\/?s={search_term_string}\"},\"query-input\":{\"@type\":\"PropertyValueSpecification\",\"valueRequired\":true,\"valueName\":\"search_term_string\"}}],\"inLanguage\":\"pt-BR\"},{\"@type\":\"Organization\",\"@id\":\"https:\\\/\\\/mapasacademicos.com.br\\\/site\\\/#organization\",\"name\":\"Mapas Acad\u00eamicos\",\"url\":\"https:\\\/\\\/mapasacademicos.com.br\\\/site\\\/\",\"logo\":{\"@type\":\"ImageObject\",\"inLanguage\":\"pt-BR\",\"@id\":\"https:\\\/\\\/mapasacademicos.com.br\\\/site\\\/#\\\/schema\\\/logo\\\/image\\\/\",\"url\":\"https:\\\/\\\/mapasacademicos.com.br\\\/site\\\/wp-content\\\/uploads\\\/2019\\\/01\\\/logo_site.png\",\"contentUrl\":\"https:\\\/\\\/mapasacademicos.com.br\\\/site\\\/wp-content\\\/uploads\\\/2019\\\/01\\\/logo_site.png\",\"width\":350,\"height\":70,\"caption\":\"Mapas Acad\u00eamicos\"},\"image\":{\"@id\":\"https:\\\/\\\/mapasacademicos.com.br\\\/site\\\/#\\\/schema\\\/logo\\\/image\\\/\"},\"sameAs\":[\"https:\\\/\\\/www.facebook.com\\\/mapasacademicos.page\\\/\"]}]}<\/script>\n<!-- \/ Yoast SEO plugin. -->","yoast_head_json":{"title":"Fotos de sat\u00e9lite dos munic\u00edpios de Roraima | Mapas Acad\u00eamicos","robots":{"index":"index","follow":"follow","max-snippet":"max-snippet:-1","max-image-preview":"max-image-preview:large","max-video-preview":"max-video-preview:-1"},"canonical":"https:\/\/mapasacademicos.com.br\/site\/fotos-de-satelite-dos-municipios-de-roraima\/","og_locale":"pt_BR","og_type":"article","og_title":"Fotos de sat\u00e9lite dos munic\u00edpios de Roraima | Mapas Acad\u00eamicos","og_description":"Selecione um munic\u00edpio do seu interesse e o sistema recuperar\u00e1 a folha de maior escala onde o centro da sede municipal se encontra. Eventualmente, pode ocorrer mais de uma cidade numa mesma folha. Alto Alegre Amajari Boa Vista Bonfim Canta Caracarai Caroebe Iracema Mucajai Normandia Pacaraima Rorainopolis Sao Joao da Baliza Sao Luiz Uiramuta Refer\u00eancia: [&hellip;]","og_url":"https:\/\/mapasacademicos.com.br\/site\/fotos-de-satelite-dos-municipios-de-roraima\/","og_site_name":"Mapas Acad\u00eamicos","article_publisher":"https:\/\/www.facebook.com\/mapasacademicos.page\/","og_image":[{"width":409,"height":273,"url":"https:\/\/mapasacademicos.com.br\/site\/wp-content\/uploads\/2017\/05\/noticias_evento_geo.jpg","type":"image\/jpeg"}],"twitter_card":"summary_large_image","schema":{"@context":"https:\/\/schema.org","@graph":[{"@type":"WebPage","@id":"https:\/\/mapasacademicos.com.br\/site\/fotos-de-satelite-dos-municipios-de-roraima\/","url":"https:\/\/mapasacademicos.com.br\/site\/fotos-de-satelite-dos-municipios-de-roraima\/","name":"Fotos de sat\u00e9lite dos munic\u00edpios de Roraima | Mapas Acad\u00eamicos","isPartOf":{"@id":"https:\/\/mapasacademicos.com.br\/site\/#website"},"datePublished":"2016-11-12T14:43:39+00:00","breadcrumb":{"@id":"https:\/\/mapasacademicos.com.br\/site\/fotos-de-satelite-dos-municipios-de-roraima\/#breadcrumb"},"inLanguage":"pt-BR","potentialAction":[{"@type":"ReadAction","target":["https:\/\/mapasacademicos.com.br\/site\/fotos-de-satelite-dos-municipios-de-roraima\/"]}]},{"@type":"BreadcrumbList","@id":"https:\/\/mapasacademicos.com.br\/site\/fotos-de-satelite-dos-municipios-de-roraima\/#breadcrumb","itemListElement":[{"@type":"ListItem","position":1,"name":"Home","item":"https:\/\/mapasacademicos.com.br\/site\/"},{"@type":"ListItem","position":2,"name":"Fotos de sat\u00e9lite dos munic\u00edpios de Roraima"}]},{"@type":"WebSite","@id":"https:\/\/mapasacademicos.com.br\/site\/#website","url":"https:\/\/mapasacademicos.com.br\/site\/","name":"Mapas Acad\u00eamicos","description":"Divulgando conhecimento geogr\u00e1fico","publisher":{"@id":"https:\/\/mapasacademicos.com.br\/site\/#organization"},"potentialAction":[{"@type":"SearchAction","target":{"@type":"EntryPoint","urlTemplate":"https:\/\/mapasacademicos.com.br\/site\/?s={search_term_string}"},"query-input":{"@type":"PropertyValueSpecification","valueRequired":true,"valueName":"search_term_string"}}],"inLanguage":"pt-BR"},{"@type":"Organization","@id":"https:\/\/mapasacademicos.com.br\/site\/#organization","name":"Mapas Acad\u00eamicos","url":"https:\/\/mapasacademicos.com.br\/site\/","logo":{"@type":"ImageObject","inLanguage":"pt-BR","@id":"https:\/\/mapasacademicos.com.br\/site\/#\/schema\/logo\/image\/","url":"https:\/\/mapasacademicos.com.br\/site\/wp-content\/uploads\/2019\/01\/logo_site.png","contentUrl":"https:\/\/mapasacademicos.com.br\/site\/wp-content\/uploads\/2019\/01\/logo_site.png","width":350,"height":70,"caption":"Mapas Acad\u00eamicos"},"image":{"@id":"https:\/\/mapasacademicos.com.br\/site\/#\/schema\/logo\/image\/"},"sameAs":["https:\/\/www.facebook.com\/mapasacademicos.page\/"]}]}},"jetpack_sharing_enabled":true,"amp_enabled":true,"_links":{"self":[{"href":"https:\/\/mapasacademicos.com.br\/site\/wp-json\/wp\/v2\/pages\/45","targetHints":{"allow":["GET"]}}],"collection":[{"href":"https:\/\/mapasacademicos.com.br\/site\/wp-json\/wp\/v2\/pages"}],"about":[{"href":"https:\/\/mapasacademicos.com.br\/site\/wp-json\/wp\/v2\/types\/page"}],"author":[{"embeddable":true,"href":"https:\/\/mapasacademicos.com.br\/site\/wp-json\/wp\/v2\/users\/1"}],"replies":[{"embeddable":true,"href":"https:\/\/mapasacademicos.com.br\/site\/wp-json\/wp\/v2\/comments?post=45"}],"version-history":[{"count":0,"href":"https:\/\/mapasacademicos.com.br\/site\/wp-json\/wp\/v2\/pages\/45\/revisions"}],"wp:attachment":[{"href":"https:\/\/mapasacademicos.com.br\/site\/wp-json\/wp\/v2\/media?parent=45"}],"curies":[{"name":"wp","href":"https:\/\/api.w.org\/{rel}","templated":true}]}}