{"id":26,"date":"2016-11-12T04:35:18","date_gmt":"2016-11-12T06:35:18","guid":{"rendered":"http:\/\/mapasacademicos.com.br\/site\/?page_id=26"},"modified":"2020-04-29T23:13:56","modified_gmt":"2020-04-30T02:13:56","slug":"imagens-de-satelite","status":"publish","type":"page","link":"https:\/\/mapasacademicos.com.br\/site\/imagens-de-satelite\/","title":{"rendered":"Imagens de sat\u00e9lite"},"content":{"rendered":"<p style=\"text-align: center;\"><img fetchpriority=\"high\" decoding=\"async\" class=\" wp-image-27 aligncenter\" src=\"http:\/\/mapasacademicos.com.br\/site\/wp-content\/uploads\/2016\/11\/mapa_academicos_imagens_satelite-300x165.png\" alt=\"mapa_academicos_imagens_satelite\" width=\"456\" height=\"251\" srcset=\"https:\/\/mapasacademicos.com.br\/site\/wp-content\/uploads\/2016\/11\/mapa_academicos_imagens_satelite-300x165.png 300w, https:\/\/mapasacademicos.com.br\/site\/wp-content\/uploads\/2016\/11\/mapa_academicos_imagens_satelite.png 525w\" sizes=\"(max-width: 456px) 100vw, 456px\" \/><\/p>\n<p>Visualize e baixe as bandas capturadas pelos sensores de sat\u00e9lites. A seguir ser\u00e3o listadas as principais bases para a obten\u00e7\u00e3o desses produtos de forma gratuita.<\/p>\n<p>Imagens de Sat\u00e9lite dos Estados do Brasil<\/p>\n<table class=\"category\" border=\"1\" align=\"center\">\n<tbody>\n<tr class=\"cat-list-row0\">\n<td class=\"list-title\">\n<ul>\n<li><a href=\"http:\/\/mapasacademicos.com.br\/site\/fotos-de-satelite-dos-municipios-de-tocantins\/\">Imagens de Sat\u00e9lite do Estado de Tocantins, Brasil 2010<\/a><\/li>\n<\/ul>\n<\/td>\n<\/tr>\n<tr class=\"cat-list-row1\">\n<td class=\"list-title\">\n<ul>\n<li><a href=\"http:\/\/mapasacademicos.com.br\/site\/fotos-de-satelite-dos-municipios-de-sao-paulo\/\">Imagens de Sat\u00e9lite do Estado de S\u00e3o Paulo, Brasil 2010<\/a><\/li>\n<\/ul>\n<\/td>\n<\/tr>\n<tr class=\"cat-list-row0\">\n<td class=\"list-title\">\n<ul>\n<li><a href=\"http:\/\/mapasacademicos.com.br\/site\/fotos-de-satelite-dos-municipios-de-santa-catarina\/\">Imagens de Sat\u00e9lite do Estado de Santa Catarina, Brasil 2010<\/a><\/li>\n<\/ul>\n<\/td>\n<\/tr>\n<tr class=\"cat-list-row1\">\n<td class=\"list-title\">\n<ul>\n<li><a href=\"http:\/\/mapasacademicos.com.br\/site\/fotos-de-satelite-dos-municipios-de-roraima\/\">Imagens de Sat\u00e9lite do Estado de Roraima, Brasil 2010<\/a><\/li>\n<\/ul>\n<\/td>\n<\/tr>\n<tr class=\"cat-list-row0\">\n<td class=\"list-title\">\n<ul>\n<li><a href=\"http:\/\/mapasacademicos.com.br\/site\/fotos-de-satelite-dos-municipios-de-rondonia\/\">Imagens de Sat\u00e9lite do Estado de Rond\u00f4nia, Brasil 2010<\/a><\/li>\n<\/ul>\n<\/td>\n<\/tr>\n<tr class=\"cat-list-row1\">\n<td class=\"list-title\">\n<ul>\n<li><a href=\"http:\/\/mapasacademicos.com.br\/site\/fotos-de-satelite-dos-municipios-do-rio-grande-do-sul\/\">Imagens de Sat\u00e9lite do Estado do Rio Grande do Sul, Brasil 2010<\/a><\/li>\n<\/ul>\n<\/td>\n<\/tr>\n<tr class=\"cat-list-row0\">\n<td class=\"list-title\">\n<ul>\n<li><a href=\"http:\/\/mapasacademicos.com.br\/site\/fotos-de-satelite-dos-municipios-do-rio-grande-do-norte\/\">Imagens de Sat\u00e9lite do Estado do Rio Grande do Norte, Brasil 2010<\/a><\/li>\n<\/ul>\n<\/td>\n<\/tr>\n<tr class=\"cat-list-row1\">\n<td class=\"list-title\">\n<ul>\n<li><a href=\"http:\/\/mapasacademicos.com.br\/site\/fotos-de-satelite-dos-municipios-do-rio-de-janeiro\/\">Imagens de Sat\u00e9lite do Estado do Rio de Janeiro, Brasil 2010<\/a><\/li>\n<\/ul>\n<\/td>\n<\/tr>\n<tr class=\"cat-list-row0\">\n<td class=\"list-title\">\n<ul>\n<li><a href=\"http:\/\/mapasacademicos.com.br\/site\/fotos-de-satelite-dos-municipios-do-piaui\/\">Imagens de Sat\u00e9lite do Estado do Piau\u00ed, Brasil 2010<\/a><\/li>\n<\/ul>\n<\/td>\n<\/tr>\n<tr class=\"cat-list-row1\">\n<td class=\"list-title\">\n<ul>\n<li><a href=\"http:\/\/mapasacademicos.com.br\/site\/fotos-de-satelite-dos-municipios-de-pernambuco\/\">Imagens de Sat\u00e9lite do Estado de Pernambuco, Brasil 2010<\/a><\/li>\n<\/ul>\n<\/td>\n<\/tr>\n<tr class=\"cat-list-row0\">\n<td class=\"list-title\">\n<ul>\n<li><a href=\"http:\/\/mapasacademicos.com.br\/site\/fotos-de-satelite-dos-municipios-da-parana\/\">Imagens de Sat\u00e9lite do Estado do Paran\u00e1, Brasil 2010<\/a><\/li>\n<\/ul>\n<\/td>\n<\/tr>\n<tr class=\"cat-list-row1\">\n<td class=\"list-title\">\n<ul>\n<li><a href=\"http:\/\/mapasacademicos.com.br\/site\/fotos-de-satelite-dos-municipios-da-paraiba\/\">Imagens de Sat\u00e9lite do Estado da Para\u00edba, Brasil 2010<\/a><\/li>\n<\/ul>\n<\/td>\n<\/tr>\n<tr class=\"cat-list-row0\">\n<td class=\"list-title\">\n<ul>\n<li><a href=\"http:\/\/mapasacademicos.com.br\/site\/fotos-de-satelite-dos-municipios-de-minas-gerais\/\">Imagens de Sat\u00e9lite do Estado de Minas Gerais, Brasil 2010<\/a><\/li>\n<\/ul>\n<\/td>\n<\/tr>\n<tr class=\"cat-list-row1\">\n<td class=\"list-title\">\n<ul>\n<li><a href=\"http:\/\/mapasacademicos.com.br\/site\/fotos-de-satelite-dos-municipios-do-mato-grosso-do-sul\/\">Imagens de Sat\u00e9lite do Estado do Mato Grosso do Sul, Brasil 2010<\/a><\/li>\n<\/ul>\n<\/td>\n<\/tr>\n<tr class=\"cat-list-row0\">\n<td class=\"list-title\">\n<ul>\n<li><a href=\"http:\/\/mapasacademicos.com.br\/site\/fotos-de-satelite-dos-municipios-do-mato-grosso\/\">Imagens de Sat\u00e9lite do Estado do Mato Grosso, Brasil 2010<\/a><\/li>\n<\/ul>\n<\/td>\n<\/tr>\n<tr class=\"cat-list-row1\">\n<td class=\"list-title\">\n<ul>\n<li><a href=\"http:\/\/mapasacademicos.com.br\/site\/fotos-de-satelite-dos-municipios-do-maranhao\/\">Imagens de Sat\u00e9lite do Estado do Maranh\u00e3o, Brasil 2010<\/a><\/li>\n<\/ul>\n<\/td>\n<\/tr>\n<tr class=\"cat-list-row0\">\n<td class=\"list-title\">\n<ul>\n<li><a href=\"http:\/\/mapasacademicos.com.br\/site\/fotos-de-satelite-dos-municipios-de-goias-e-do-distrito-federal\/\">Imagens de Sat\u00e9lite do Estado do Goi\u00e1s e do Distrito Federal, Brasil 2010<\/a><\/li>\n<\/ul>\n<\/td>\n<\/tr>\n<tr class=\"cat-list-row1\">\n<td class=\"list-title\">\n<ul>\n<li><a href=\"http:\/\/mapasacademicos.com.br\/site\/fotos-de-satelite-dos-municipios-do-espirito-santo\/\">Imagens de Sat\u00e9lite do Estado do Esp\u00edrito Santo, Brasil 2010<\/a><\/li>\n<\/ul>\n<\/td>\n<\/tr>\n<tr class=\"cat-list-row0\">\n<td class=\"list-title\">\n<ul>\n<li><a href=\"http:\/\/mapasacademicos.com.br\/site\/fotos-de-satelite-dos-municipios-do-ceara\/\">Imagens de Sat\u00e9lite do Estado do Cear\u00e1, Brasil 2010<\/a><\/li>\n<\/ul>\n<\/td>\n<\/tr>\n<tr class=\"cat-list-row1\">\n<td class=\"list-title\">\n<ul>\n<li><a href=\"http:\/\/mapasacademicos.com.br\/site\/fotos-de-satelite-dos-municipios-da-bahia\/\">Imagem de Sat\u00e9lite do Estado da Bahia, Brasil 2010<\/a><\/li>\n<\/ul>\n<\/td>\n<\/tr>\n<tr class=\"cat-list-row0\">\n<td class=\"list-title\">\n<ul>\n<li><a href=\"http:\/\/mapasacademicos.com.br\/site\/fotos-de-satelite-dos-municipios-do-amazonas\/\">Imagens de Sat\u00e9lite do Estado do Amazonas, Brasil 2004<\/a><\/li>\n<\/ul>\n<\/td>\n<\/tr>\n<tr class=\"cat-list-row1\">\n<td class=\"list-title\">\n<ul>\n<li><a href=\"http:\/\/mapasacademicos.com.br\/site\/fotos-de-satelite-dos-municipios-do-amapa\/\">Imagens de Sat\u00e9lite do Estado do Amap\u00e1, Brasil 2004<\/a><\/li>\n<\/ul>\n<\/td>\n<\/tr>\n<tr class=\"cat-list-row0\">\n<td class=\"list-title\">\n<ul>\n<li><a href=\"http:\/\/mapasacademicos.com.br\/site\/fotos-de-satelite-dos-municipios-de-alagoas\/\">Imagens de Sat\u00e9lite do Estado de Alagoas, Brasil 2004<\/a><\/li>\n<\/ul>\n<\/td>\n<\/tr>\n<tr class=\"cat-list-row1\">\n<td class=\"list-title\">\n<ul>\n<li><a href=\"http:\/\/mapasacademicos.com.br\/site\/fotos-de-satelite-dos-municipios-do-acre\/\">Imagens de Sat\u00e9lite do Estado do Acre, Brasil 2004<\/a><\/li>\n<\/ul>\n<\/td>\n<\/tr>\n<tr class=\"cat-list-row0\">\n<td class=\"list-title\">\n<ul>\n<li><a href=\"http:\/\/mapasacademicos.com.br\/site\/fotos-de-satelite-dos-municipios-do-para\/\">Imagens de Sat\u00e9lite do Estado do Par\u00e1, Brasil 2004<\/a><\/li>\n<\/ul>\n<\/td>\n<\/tr>\n<\/tbody>\n<\/table>\n<p>Refer\u00eancia:<\/p>\n<p>MIRANDA, E. E. de; COUTINHO, A. C. (Coord.).\u00a0\u00a0<strong>Brasil Visto do Espa\u00e7o.<\/strong>\u00a0\u00a0Campinas: Embrapa Monitoramento por Sat\u00e9lite, 2004.\u00a0\u00a0Dispon\u00edvel em: &lt;http:\/\/www.cdbrasil.cnpm.embrapa.br&gt;.\u00a0\u00a0Acesso em: 23 set. 2014.<\/p>\n<div><a href=\"https:\/\/www.facebook.com\/pages\/Mapas-Acad%C3%AAmicos-Solu%C3%A7%C3%B5es-em-Mapas\/468120633296617\" target=\"_blank\" rel=\"noopener noreferrer\"><em>CURTA-NOS NO FACEBOOK!<\/em><\/a><\/div>\n","protected":false},"excerpt":{"rendered":"<p>Visualize e baixe as bandas capturadas pelos sensores de sat\u00e9lites. A seguir ser\u00e3o listadas as principais bases para a obten\u00e7\u00e3o desses produtos de forma gratuita. Imagens de Sat\u00e9lite dos Estados do Brasil Imagens de Sat\u00e9lite do Estado de Tocantins, Brasil 2010 Imagens de Sat\u00e9lite do Estado de S\u00e3o Paulo, Brasil 2010 Imagens de Sat\u00e9lite do [&hellip;]<\/p>\n","protected":false},"author":1,"featured_media":0,"parent":0,"menu_order":0,"comment_status":"closed","ping_status":"closed","template":"","meta":{"site-sidebar-layout":"default","site-content-layout":"","ast-site-content-layout":"default","site-content-style":"default","site-sidebar-style":"default","ast-global-header-display":"","ast-banner-title-visibility":"","ast-main-header-display":"","ast-hfb-above-header-display":"","ast-hfb-below-header-display":"","ast-hfb-mobile-header-display":"","site-post-title":"","ast-breadcrumbs-content":"","ast-featured-img":"","footer-sml-layout":"","ast-disable-related-posts":"","theme-transparent-header-meta":"","adv-header-id-meta":"","stick-header-meta":"","header-above-stick-meta":"","header-main-stick-meta":"","header-below-stick-meta":"","astra-migrate-meta-layouts":"default","ast-page-background-enabled":"default","ast-page-background-meta":{"desktop":{"background-color":"","background-image":"","background-repeat":"repeat","background-position":"center center","background-size":"auto","background-attachment":"scroll","background-type":"","background-media":"","overlay-type":"","overlay-color":"","overlay-opacity":"","overlay-gradient":""},"tablet":{"background-color":"","background-image":"","background-repeat":"repeat","background-position":"center center","background-size":"auto","background-attachment":"scroll","background-type":"","background-media":"","overlay-type":"","overlay-color":"","overlay-opacity":"","overlay-gradient":""},"mobile":{"background-color":"","background-image":"","background-repeat":"repeat","background-position":"center center","background-size":"auto","background-attachment":"scroll","background-type":"","background-media":"","overlay-type":"","overlay-color":"","overlay-opacity":"","overlay-gradient":""}},"ast-content-background-meta":{"desktop":{"background-color":"var(--ast-global-color-5)","background-image":"","background-repeat":"repeat","background-position":"center center","background-size":"auto","background-attachment":"scroll","background-type":"","background-media":"","overlay-type":"","overlay-color":"","overlay-opacity":"","overlay-gradient":""},"tablet":{"background-color":"var(--ast-global-color-5)","background-image":"","background-repeat":"repeat","background-position":"center center","background-size":"auto","background-attachment":"scroll","background-type":"","background-media":"","overlay-type":"","overlay-color":"","overlay-opacity":"","overlay-gradient":""},"mobile":{"background-color":"var(--ast-global-color-5)","background-image":"","background-repeat":"repeat","background-position":"center center","background-size":"auto","background-attachment":"scroll","background-type":"","background-media":"","overlay-type":"","overlay-color":"","overlay-opacity":"","overlay-gradient":""}},"footnotes":""},"class_list":["post-26","page","type-page","status-publish","hentry"],"yoast_head":"<!-- This site is optimized with the Yoast SEO plugin v27.4 - https:\/\/yoast.com\/product\/yoast-seo-wordpress\/ -->\n<title>Imagens de sat\u00e9lite | Mapas Acad\u00eamicos<\/title>\n<meta name=\"description\" content=\"Visualize e baixe as bandas capturadas pelos sensores de sat\u00e9lites. A seguir ser\u00e3o listadas as principais bases para a obten\u00e7\u00e3o desses produtos\" \/>\n<meta name=\"robots\" content=\"index, follow, max-snippet:-1, max-image-preview:large, max-video-preview:-1\" \/>\n<link rel=\"canonical\" href=\"https:\/\/mapasacademicos.com.br\/site\/imagens-de-satelite\/\" \/>\n<meta property=\"og:locale\" content=\"pt_BR\" \/>\n<meta property=\"og:type\" content=\"article\" \/>\n<meta property=\"og:title\" content=\"Imagens de sat\u00e9lite | Mapas Acad\u00eamicos\" \/>\n<meta property=\"og:description\" content=\"Visualize e baixe as bandas capturadas pelos sensores de sat\u00e9lites. A seguir ser\u00e3o listadas as principais bases para a obten\u00e7\u00e3o desses produtos\" \/>\n<meta property=\"og:url\" content=\"https:\/\/mapasacademicos.com.br\/site\/imagens-de-satelite\/\" \/>\n<meta property=\"og:site_name\" content=\"Mapas Acad\u00eamicos\" \/>\n<meta property=\"article:publisher\" content=\"https:\/\/www.facebook.com\/mapasacademicos.page\/\" \/>\n<meta property=\"article:modified_time\" content=\"2020-04-30T02:13:56+00:00\" \/>\n<meta property=\"og:image\" content=\"http:\/\/mapasacademicos.com.br\/site\/wp-content\/uploads\/2016\/11\/mapa_academicos_imagens_satelite-300x165.png\" \/>\n<meta name=\"twitter:card\" content=\"summary_large_image\" \/>\n<meta name=\"twitter:label1\" content=\"Est. tempo de leitura\" \/>\n\t<meta name=\"twitter:data1\" content=\"2 minutos\" \/>\n<script type=\"application\/ld+json\" class=\"yoast-schema-graph\">{\"@context\":\"https:\\\/\\\/schema.org\",\"@graph\":[{\"@type\":\"WebPage\",\"@id\":\"https:\\\/\\\/mapasacademicos.com.br\\\/site\\\/imagens-de-satelite\\\/\",\"url\":\"https:\\\/\\\/mapasacademicos.com.br\\\/site\\\/imagens-de-satelite\\\/\",\"name\":\"Imagens de sat\u00e9lite | Mapas Acad\u00eamicos\",\"isPartOf\":{\"@id\":\"https:\\\/\\\/mapasacademicos.com.br\\\/site\\\/#website\"},\"primaryImageOfPage\":{\"@id\":\"https:\\\/\\\/mapasacademicos.com.br\\\/site\\\/imagens-de-satelite\\\/#primaryimage\"},\"image\":{\"@id\":\"https:\\\/\\\/mapasacademicos.com.br\\\/site\\\/imagens-de-satelite\\\/#primaryimage\"},\"thumbnailUrl\":\"http:\\\/\\\/mapasacademicos.com.br\\\/site\\\/wp-content\\\/uploads\\\/2016\\\/11\\\/mapa_academicos_imagens_satelite-300x165.png\",\"datePublished\":\"2016-11-12T06:35:18+00:00\",\"dateModified\":\"2020-04-30T02:13:56+00:00\",\"description\":\"Visualize e baixe as bandas capturadas pelos sensores de sat\u00e9lites. A seguir ser\u00e3o listadas as principais bases para a obten\u00e7\u00e3o desses produtos\",\"breadcrumb\":{\"@id\":\"https:\\\/\\\/mapasacademicos.com.br\\\/site\\\/imagens-de-satelite\\\/#breadcrumb\"},\"inLanguage\":\"pt-BR\",\"potentialAction\":[{\"@type\":\"ReadAction\",\"target\":[\"https:\\\/\\\/mapasacademicos.com.br\\\/site\\\/imagens-de-satelite\\\/\"]}]},{\"@type\":\"ImageObject\",\"inLanguage\":\"pt-BR\",\"@id\":\"https:\\\/\\\/mapasacademicos.com.br\\\/site\\\/imagens-de-satelite\\\/#primaryimage\",\"url\":\"http:\\\/\\\/mapasacademicos.com.br\\\/site\\\/wp-content\\\/uploads\\\/2016\\\/11\\\/mapa_academicos_imagens_satelite-300x165.png\",\"contentUrl\":\"http:\\\/\\\/mapasacademicos.com.br\\\/site\\\/wp-content\\\/uploads\\\/2016\\\/11\\\/mapa_academicos_imagens_satelite-300x165.png\"},{\"@type\":\"BreadcrumbList\",\"@id\":\"https:\\\/\\\/mapasacademicos.com.br\\\/site\\\/imagens-de-satelite\\\/#breadcrumb\",\"itemListElement\":[{\"@type\":\"ListItem\",\"position\":1,\"name\":\"Home\",\"item\":\"https:\\\/\\\/mapasacademicos.com.br\\\/site\\\/\"},{\"@type\":\"ListItem\",\"position\":2,\"name\":\"Imagens de sat\u00e9lite\"}]},{\"@type\":\"WebSite\",\"@id\":\"https:\\\/\\\/mapasacademicos.com.br\\\/site\\\/#website\",\"url\":\"https:\\\/\\\/mapasacademicos.com.br\\\/site\\\/\",\"name\":\"Mapas Acad\u00eamicos\",\"description\":\"Divulgando conhecimento geogr\u00e1fico\",\"publisher\":{\"@id\":\"https:\\\/\\\/mapasacademicos.com.br\\\/site\\\/#organization\"},\"potentialAction\":[{\"@type\":\"SearchAction\",\"target\":{\"@type\":\"EntryPoint\",\"urlTemplate\":\"https:\\\/\\\/mapasacademicos.com.br\\\/site\\\/?s={search_term_string}\"},\"query-input\":{\"@type\":\"PropertyValueSpecification\",\"valueRequired\":true,\"valueName\":\"search_term_string\"}}],\"inLanguage\":\"pt-BR\"},{\"@type\":\"Organization\",\"@id\":\"https:\\\/\\\/mapasacademicos.com.br\\\/site\\\/#organization\",\"name\":\"Mapas Acad\u00eamicos\",\"url\":\"https:\\\/\\\/mapasacademicos.com.br\\\/site\\\/\",\"logo\":{\"@type\":\"ImageObject\",\"inLanguage\":\"pt-BR\",\"@id\":\"https:\\\/\\\/mapasacademicos.com.br\\\/site\\\/#\\\/schema\\\/logo\\\/image\\\/\",\"url\":\"https:\\\/\\\/mapasacademicos.com.br\\\/site\\\/wp-content\\\/uploads\\\/2019\\\/01\\\/logo_site.png\",\"contentUrl\":\"https:\\\/\\\/mapasacademicos.com.br\\\/site\\\/wp-content\\\/uploads\\\/2019\\\/01\\\/logo_site.png\",\"width\":350,\"height\":70,\"caption\":\"Mapas Acad\u00eamicos\"},\"image\":{\"@id\":\"https:\\\/\\\/mapasacademicos.com.br\\\/site\\\/#\\\/schema\\\/logo\\\/image\\\/\"},\"sameAs\":[\"https:\\\/\\\/www.facebook.com\\\/mapasacademicos.page\\\/\"]}]}<\/script>\n<!-- \/ Yoast SEO plugin. -->","yoast_head_json":{"title":"Imagens de sat\u00e9lite | Mapas Acad\u00eamicos","description":"Visualize e baixe as bandas capturadas pelos sensores de sat\u00e9lites. A seguir ser\u00e3o listadas as principais bases para a obten\u00e7\u00e3o desses produtos","robots":{"index":"index","follow":"follow","max-snippet":"max-snippet:-1","max-image-preview":"max-image-preview:large","max-video-preview":"max-video-preview:-1"},"canonical":"https:\/\/mapasacademicos.com.br\/site\/imagens-de-satelite\/","og_locale":"pt_BR","og_type":"article","og_title":"Imagens de sat\u00e9lite | Mapas Acad\u00eamicos","og_description":"Visualize e baixe as bandas capturadas pelos sensores de sat\u00e9lites. A seguir ser\u00e3o listadas as principais bases para a obten\u00e7\u00e3o desses produtos","og_url":"https:\/\/mapasacademicos.com.br\/site\/imagens-de-satelite\/","og_site_name":"Mapas Acad\u00eamicos","article_publisher":"https:\/\/www.facebook.com\/mapasacademicos.page\/","article_modified_time":"2020-04-30T02:13:56+00:00","og_image":[{"url":"http:\/\/mapasacademicos.com.br\/site\/wp-content\/uploads\/2016\/11\/mapa_academicos_imagens_satelite-300x165.png","type":"","width":"","height":""}],"twitter_card":"summary_large_image","twitter_misc":{"Est. tempo de leitura":"2 minutos"},"schema":{"@context":"https:\/\/schema.org","@graph":[{"@type":"WebPage","@id":"https:\/\/mapasacademicos.com.br\/site\/imagens-de-satelite\/","url":"https:\/\/mapasacademicos.com.br\/site\/imagens-de-satelite\/","name":"Imagens de sat\u00e9lite | Mapas Acad\u00eamicos","isPartOf":{"@id":"https:\/\/mapasacademicos.com.br\/site\/#website"},"primaryImageOfPage":{"@id":"https:\/\/mapasacademicos.com.br\/site\/imagens-de-satelite\/#primaryimage"},"image":{"@id":"https:\/\/mapasacademicos.com.br\/site\/imagens-de-satelite\/#primaryimage"},"thumbnailUrl":"http:\/\/mapasacademicos.com.br\/site\/wp-content\/uploads\/2016\/11\/mapa_academicos_imagens_satelite-300x165.png","datePublished":"2016-11-12T06:35:18+00:00","dateModified":"2020-04-30T02:13:56+00:00","description":"Visualize e baixe as bandas capturadas pelos sensores de sat\u00e9lites. A seguir ser\u00e3o listadas as principais bases para a obten\u00e7\u00e3o desses produtos","breadcrumb":{"@id":"https:\/\/mapasacademicos.com.br\/site\/imagens-de-satelite\/#breadcrumb"},"inLanguage":"pt-BR","potentialAction":[{"@type":"ReadAction","target":["https:\/\/mapasacademicos.com.br\/site\/imagens-de-satelite\/"]}]},{"@type":"ImageObject","inLanguage":"pt-BR","@id":"https:\/\/mapasacademicos.com.br\/site\/imagens-de-satelite\/#primaryimage","url":"http:\/\/mapasacademicos.com.br\/site\/wp-content\/uploads\/2016\/11\/mapa_academicos_imagens_satelite-300x165.png","contentUrl":"http:\/\/mapasacademicos.com.br\/site\/wp-content\/uploads\/2016\/11\/mapa_academicos_imagens_satelite-300x165.png"},{"@type":"BreadcrumbList","@id":"https:\/\/mapasacademicos.com.br\/site\/imagens-de-satelite\/#breadcrumb","itemListElement":[{"@type":"ListItem","position":1,"name":"Home","item":"https:\/\/mapasacademicos.com.br\/site\/"},{"@type":"ListItem","position":2,"name":"Imagens de sat\u00e9lite"}]},{"@type":"WebSite","@id":"https:\/\/mapasacademicos.com.br\/site\/#website","url":"https:\/\/mapasacademicos.com.br\/site\/","name":"Mapas Acad\u00eamicos","description":"Divulgando conhecimento geogr\u00e1fico","publisher":{"@id":"https:\/\/mapasacademicos.com.br\/site\/#organization"},"potentialAction":[{"@type":"SearchAction","target":{"@type":"EntryPoint","urlTemplate":"https:\/\/mapasacademicos.com.br\/site\/?s={search_term_string}"},"query-input":{"@type":"PropertyValueSpecification","valueRequired":true,"valueName":"search_term_string"}}],"inLanguage":"pt-BR"},{"@type":"Organization","@id":"https:\/\/mapasacademicos.com.br\/site\/#organization","name":"Mapas Acad\u00eamicos","url":"https:\/\/mapasacademicos.com.br\/site\/","logo":{"@type":"ImageObject","inLanguage":"pt-BR","@id":"https:\/\/mapasacademicos.com.br\/site\/#\/schema\/logo\/image\/","url":"https:\/\/mapasacademicos.com.br\/site\/wp-content\/uploads\/2019\/01\/logo_site.png","contentUrl":"https:\/\/mapasacademicos.com.br\/site\/wp-content\/uploads\/2019\/01\/logo_site.png","width":350,"height":70,"caption":"Mapas Acad\u00eamicos"},"image":{"@id":"https:\/\/mapasacademicos.com.br\/site\/#\/schema\/logo\/image\/"},"sameAs":["https:\/\/www.facebook.com\/mapasacademicos.page\/"]}]}},"jetpack_sharing_enabled":true,"amp_enabled":true,"_links":{"self":[{"href":"https:\/\/mapasacademicos.com.br\/site\/wp-json\/wp\/v2\/pages\/26","targetHints":{"allow":["GET"]}}],"collection":[{"href":"https:\/\/mapasacademicos.com.br\/site\/wp-json\/wp\/v2\/pages"}],"about":[{"href":"https:\/\/mapasacademicos.com.br\/site\/wp-json\/wp\/v2\/types\/page"}],"author":[{"embeddable":true,"href":"https:\/\/mapasacademicos.com.br\/site\/wp-json\/wp\/v2\/users\/1"}],"replies":[{"embeddable":true,"href":"https:\/\/mapasacademicos.com.br\/site\/wp-json\/wp\/v2\/comments?post=26"}],"version-history":[{"count":0,"href":"https:\/\/mapasacademicos.com.br\/site\/wp-json\/wp\/v2\/pages\/26\/revisions"}],"wp:attachment":[{"href":"https:\/\/mapasacademicos.com.br\/site\/wp-json\/wp\/v2\/media?parent=26"}],"curies":[{"name":"wp","href":"https:\/\/api.w.org\/{rel}","templated":true}]}}