{"id":146,"date":"2016-11-23T00:10:09","date_gmt":"2016-11-23T02:10:09","guid":{"rendered":"http:\/\/mapasacademicos.com.br\/site\/?page_id=146"},"modified":"2016-11-29T16:40:11","modified_gmt":"2016-11-29T18:40:11","slug":"termos-condicoes","status":"publish","type":"page","link":"https:\/\/mapasacademicos.com.br\/site\/termos-condicoes\/","title":{"rendered":"Termos &#038; Condi\u00e7\u00f5es de Presta\u00e7\u00e3o de Servi\u00e7os"},"content":{"rendered":"<p style=\"text-align: center;\"><strong>TERMOS E CONDI\u00c7\u00d5ES DE PRESTA\u00c7\u00d5ES DE SERVI\u00c7OS CARTOGR\u00c1FICOS E\u00a0<\/strong><strong>DE GEOPROCESSAMENTO<\/strong><\/p>\n<p style=\"text-align: center;\"><em>(MAPAS ACAD\u00caMICOS \u2013 CONSULTORIA EM GEOINFORMA\u00c7\u00c3O)<\/em><\/p>\n<p style=\"text-align: justify;\">Ao aceitar os termos contidos neste documento, voc\u00ea est\u00e1 ciente e integralmente de acordo com todas as regras descritas a seguir, aplic\u00e1veis a toda a sua navega\u00e7\u00e3o e a todos os servi\u00e7os cartogr\u00e1ficos e de geoprocessamento que voc\u00ea venha adquirir atrav\u00e9s do site <a href=\"http:\/\/www.mapasacademicos.com.br\/\">www.mapasacademicos.com.br, <\/a>legalmente representado por Itacai\u00fanas Com\u00e9rcio e Servi\u00e7os, pessoa jur\u00eddica e de direito privado, com foro no munic\u00edpio de Ananindeua do estado do Par\u00e1 e sede no munic\u00edpio de Ananindeua, na Passagem Frederico Souza, n\u00ba. 10, Coqueiro, CEP: 67015\u00ad340, no estado do Par\u00e1, inscrita no CNPJ n\u00ba 20.207.169\/0001\u00ad24.<\/p>\n<p style=\"text-align: justify;\">Os termos abaixo se referem ao site <a href=\"http:\/\/www.mapasacademicos.com.br\/\">www.mapasacademicos.com.br, <\/a>ora denominado MAPAS ACAD\u00caMICOS \u2013 CONSULTORIA EM GEOINFORMA\u00c7\u00c3O e ao adquirente dos servi\u00e7os prestados, ora denominado CLIENTE.<\/p>\n<p style=\"text-align: justify;\"><strong>SOBRE NOSSOS SERVI\u00c7OS<\/strong><\/p>\n<p style=\"text-align: justify;\"><strong>CL\u00c1USULA\u00a0\u00a0\u00a0 \u00a0PRIMEIRA:\u00a0\u00a0\u00a0 \u00a0<\/strong>MAPAS\u00a0\u00a0\u00a0 \u00a0ACAD\u00caMICOS\u00a0\u00a0\u00a0 \u00a0\u2013\u00a0\u00a0\u00a0 \u00a0CONSULTORIA\u00a0\u00a0\u00a0 \u00a0EM\u00a0GEOINFORMA\u00c7\u00c3O \u00e9 um website especializado na presta\u00e7\u00e3o de servi\u00e7os de elabora\u00e7\u00e3o de mapas para projetos acad\u00eamicos em geral, al\u00e9m de atuar como m\u00eddia de informa\u00e7\u00f5es sobre conte\u00fados relacionados ao mundo da Geografia, em especial aos temas relacionados a mapas e cartografia em geral, incluindo as suas tecnologias.<\/p>\n<ul style=\"text-align: justify;\">\n<li><strong> par\u00e1grafo primeiro: <\/strong>Nossos servi\u00e7os s\u00e3o voltados ao p\u00fablico acad\u00eamico de gradua\u00e7\u00e3o e p\u00f3s-\u00adgradua\u00e7\u00e3o (da especializa\u00e7\u00e3o, metrado, doutorado e p\u00f3s\u00ad-doutorado)\u037e os produtos cartogr\u00e1ficos s\u00e3o elaborados seguindo as necessidades e objetivos do cliente e levando em considera\u00e7\u00e3o os padr\u00f5es cartogr\u00e1ficos vigentes.<\/li>\n<li><strong>par\u00e1grafo segundo:<\/strong> S\u00e3o projetos cartogr\u00e1ficos personalizados, elaborados a partir da orienta\u00e7\u00e3o e supervis\u00e3o do cliente e depois de conclu\u00eddos, os mesmos s\u00e3o entregues em dois formatos. Primeiro: ilustra\u00e7\u00e3o no formato .JPG e o segundo formato configurado para impress\u00e3o no formato .PDF, tamanho A3, ambos em alta resolu\u00e7\u00e3o (350 dpi).<\/li>\n<li><strong>par\u00e1grafo terceiro:<\/strong> Os valores s\u00e3o or\u00e7ados a partir de um mapa de localiza\u00e7\u00e3o simples e variam de acordo com a complexidade das informa\u00e7\u00f5es inseridas.<\/li>\n<\/ul>\n<p style=\"text-align: justify;\"><strong>DA NATUREZA DO RELACIONAMENTO<\/strong><\/p>\n<p style=\"text-align: justify;\"><strong>CL\u00c1USULA PRIMEIRA: <\/strong>T\u00e3o logo receba o servi\u00e7o prestado, o CLIENTE deve manifestar-se, por escrito, por meio do e-\u00admail contato@<a href=\"mailto:mapasacademicos@gmail.com\">mapasacademicos.com.br <\/a>informando a sua aprova\u00e7\u00e3o ou n\u00e3o aprova\u00e7\u00e3o dos servi\u00e7os prestados.<\/p>\n<ul style=\"text-align: justify;\">\n<li><strong>par\u00e1grafo \u00fanico: <\/strong>Caso o CLIENTE n\u00e3o se manifeste no per\u00edodo de 14 (quatorze) dias, o servi\u00e7o ser\u00e1 considerado aprovado e o CLIENTE n\u00e3o mais poder\u00e1 exigir qualquer tipo de altera\u00e7\u00e3o ou reembolso, seja parcial ou integral, referente a ele.<\/li>\n<\/ul>\n<p style=\"text-align: justify;\"><strong>CL\u00c1USULA SEGUNDA: <\/strong>Caso o CLIENTE n\u00e3o aprove os servi\u00e7os finais, o mesmo se compromete a jamais utilizar, no todo ou em parte, qualquer servi\u00e7o adquirido via<a href=\"http:\/\/www.mapasacademicos.com.br\/\"> www.mapasacademicos.com.br <\/a>e prestado pelo site MAPAS ACAD\u00caMICOS \u2013 CONSULTORIA EM GEOINFORMA\u00c7\u00c3O, de acordo com as condi\u00e7\u00f5es de compra estabelecidas no ato da transa\u00e7\u00e3o.<\/p>\n<ul style=\"text-align: justify;\">\n<li><strong> par\u00e1grafo \u00fanico: <\/strong>Caso o CLIENTE utilize os servi\u00e7os prestados fora das condi\u00e7\u00f5es descritas acima, este estar\u00e1 sujeito a penalidades legais referentes a processos judiciais movidos pela Itacai\u00fanas Com\u00e9rcio e Servi\u00e7os, contra ele por uso indevido da propriedade intelectual e t\u00e9cnica envolvida na presta\u00e7\u00e3o dos servi\u00e7os adquiridos e n\u00e3o pagos.<\/li>\n<\/ul>\n<p style=\"text-align: justify;\"><strong>CL\u00c1USULA TERCEIRA: <\/strong>Este contrato obriga as partes, os herdeiros e sucessores, de acordo com o que determina a legisla\u00e7\u00e3o em vigor.<\/p>\n<p style=\"text-align: justify;\"><strong>SOBRE A NOSSA POL\u00cdTICA DE SIGILO E DIREITOS AUTORAIS<\/strong><\/p>\n<p style=\"text-align: justify;\"><strong>CL\u00c1USULA PRIMEIRA: <\/strong>Garantimos total sigilo de nossos produtos. O CLIENTE poder\u00e1 indicar se deseja ou n\u00e3o disponibilizar seu produto cartogr\u00e1fico para compor nosso portf\u00f3lio atrav\u00e9s nosso formul\u00e1rio de solicita\u00e7\u00e3o online.<\/p>\n<p style=\"text-align: justify;\"><strong>CL\u00c1USULA SEGUNDA: <\/strong>Qualquer tipo de edi\u00e7\u00e3o ou manipula\u00e7\u00e3o dos dados referentes ao<\/p>\n<p style=\"text-align: justify;\">conte\u00fado das informa\u00e7\u00f5es contidas no produto cartogr\u00e1fico efetuado por terceiros, acarretar\u00e1 em san\u00e7\u00f5es legais em conformidade com a Lei 9.610 de 12 de fevereiro de 1998 que disp\u00f5e sobre os Direitos Autorais.<\/p>\n<p style=\"text-align: justify;\"><strong>FORMAS DE PAGAMENTO:<\/strong><\/p>\n<p style=\"text-align: justify;\"><strong>CL\u00c1USULA PRIMEIRA: <\/strong>As formas de pagamento s\u00e3o as seguintes:<\/p>\n<ul style=\"text-align: justify;\">\n<li><strong> par\u00e1grafo primeiro: <\/strong>Transfer\u00eancia ou dep\u00f3sito banc\u00e1rio em at\u00e9 2x (duas vezes). Primeira parcela no ato da contrata\u00e7\u00e3o dos servi\u00e7os e segunda parcela na entrega dos servi\u00e7os.<\/li>\n<li><strong> par\u00e1grafo segundo: <\/strong>Pagamento \u00e0 vista com 5% de desconto em transfer\u00eancia\/dep\u00f3sito banc\u00e1rio.<\/li>\n<li><strong> par\u00e1grafo terceiro: <\/strong>Parcelado no Cart\u00e3o de Cr\u00e9dito ou de 1x no Boleto via PagSeguro.<\/li>\n<\/ul>\n<p style=\"text-align: justify;\"><strong>DEMAIS INFORMA\u00c7\u00d5ES<\/strong><\/p>\n<p style=\"text-align: justify;\">Esclarecemos que os nossos produtos enquadram-se dentro das normas e padr\u00f5es t\u00e9cnico\u00ad cient\u00edficos atribu\u00eddos pela Comiss\u00e3o Nacional de Cartografia (CONCAR) atrav\u00e9s do Decreto n\u00ba 89.817 de 20 de junho de 1984.<\/p>\n<p style=\"text-align: justify;\">Com ren\u00fancia de qualquer outro, por mais privilegiado que seja, fica eleito o Foro da Comarca\u00a0de Ananindeua \u2013 PA para dirimir quaisquer d\u00favidas oriundas deste contrato.<\/p>\n","protected":false},"excerpt":{"rendered":"<p>TERMOS E CONDI\u00c7\u00d5ES DE PRESTA\u00c7\u00d5ES DE SERVI\u00c7OS CARTOGR\u00c1FICOS E\u00a0DE GEOPROCESSAMENTO (MAPAS ACAD\u00caMICOS \u2013 CONSULTORIA EM GEOINFORMA\u00c7\u00c3O) Ao aceitar os termos contidos neste documento, voc\u00ea est\u00e1 ciente e integralmente de acordo com todas as regras descritas a seguir, aplic\u00e1veis a toda a sua navega\u00e7\u00e3o e a todos os servi\u00e7os cartogr\u00e1ficos e de geoprocessamento que voc\u00ea venha [&hellip;]<\/p>\n","protected":false},"author":1,"featured_media":0,"parent":0,"menu_order":0,"comment_status":"closed","ping_status":"closed","template":"","meta":{"site-sidebar-layout":"default","site-content-layout":"","ast-site-content-layout":"default","site-content-style":"default","site-sidebar-style":"default","ast-global-header-display":"","ast-banner-title-visibility":"","ast-main-header-display":"","ast-hfb-above-header-display":"","ast-hfb-below-header-display":"","ast-hfb-mobile-header-display":"","site-post-title":"","ast-breadcrumbs-content":"","ast-featured-img":"","footer-sml-layout":"","ast-disable-related-posts":"","theme-transparent-header-meta":"","adv-header-id-meta":"","stick-header-meta":"","header-above-stick-meta":"","header-main-stick-meta":"","header-below-stick-meta":"","astra-migrate-meta-layouts":"default","ast-page-background-enabled":"default","ast-page-background-meta":{"desktop":{"background-color":"","background-image":"","background-repeat":"repeat","background-position":"center center","background-size":"auto","background-attachment":"scroll","background-type":"","background-media":"","overlay-type":"","overlay-color":"","overlay-opacity":"","overlay-gradient":""},"tablet":{"background-color":"","background-image":"","background-repeat":"repeat","background-position":"center center","background-size":"auto","background-attachment":"scroll","background-type":"","background-media":"","overlay-type":"","overlay-color":"","overlay-opacity":"","overlay-gradient":""},"mobile":{"background-color":"","background-image":"","background-repeat":"repeat","background-position":"center center","background-size":"auto","background-attachment":"scroll","background-type":"","background-media":"","overlay-type":"","overlay-color":"","overlay-opacity":"","overlay-gradient":""}},"ast-content-background-meta":{"desktop":{"background-color":"var(--ast-global-color-5)","background-image":"","background-repeat":"repeat","background-position":"center center","background-size":"auto","background-attachment":"scroll","background-type":"","background-media":"","overlay-type":"","overlay-color":"","overlay-opacity":"","overlay-gradient":""},"tablet":{"background-color":"var(--ast-global-color-5)","background-image":"","background-repeat":"repeat","background-position":"center center","background-size":"auto","background-attachment":"scroll","background-type":"","background-media":"","overlay-type":"","overlay-color":"","overlay-opacity":"","overlay-gradient":""},"mobile":{"background-color":"var(--ast-global-color-5)","background-image":"","background-repeat":"repeat","background-position":"center center","background-size":"auto","background-attachment":"scroll","background-type":"","background-media":"","overlay-type":"","overlay-color":"","overlay-opacity":"","overlay-gradient":""}},"footnotes":""},"class_list":["post-146","page","type-page","status-publish","hentry"],"yoast_head":"<!-- This site is optimized with the Yoast SEO plugin v27.4 - https:\/\/yoast.com\/product\/yoast-seo-wordpress\/ -->\n<title>Termos &amp; Condi\u00e7\u00f5es de Presta\u00e7\u00e3o de Servi\u00e7os | Mapas Acad\u00eamicos<\/title>\n<meta name=\"robots\" content=\"index, follow, max-snippet:-1, max-image-preview:large, max-video-preview:-1\" \/>\n<link rel=\"canonical\" href=\"https:\/\/mapasacademicos.com.br\/site\/termos-condicoes\/\" \/>\n<meta property=\"og:locale\" content=\"pt_BR\" \/>\n<meta property=\"og:type\" content=\"article\" \/>\n<meta property=\"og:title\" content=\"Termos &amp; Condi\u00e7\u00f5es de Presta\u00e7\u00e3o de Servi\u00e7os | Mapas Acad\u00eamicos\" \/>\n<meta property=\"og:description\" content=\"TERMOS E CONDI\u00c7\u00d5ES DE PRESTA\u00c7\u00d5ES DE SERVI\u00c7OS CARTOGR\u00c1FICOS E\u00a0DE GEOPROCESSAMENTO (MAPAS ACAD\u00caMICOS \u2013 CONSULTORIA EM GEOINFORMA\u00c7\u00c3O) Ao aceitar os termos contidos neste documento, voc\u00ea est\u00e1 ciente e integralmente de acordo com todas as regras descritas a seguir, aplic\u00e1veis a toda a sua navega\u00e7\u00e3o e a todos os servi\u00e7os cartogr\u00e1ficos e de geoprocessamento que voc\u00ea venha [&hellip;]\" \/>\n<meta property=\"og:url\" content=\"https:\/\/mapasacademicos.com.br\/site\/termos-condicoes\/\" \/>\n<meta property=\"og:site_name\" content=\"Mapas Acad\u00eamicos\" \/>\n<meta property=\"article:publisher\" content=\"https:\/\/www.facebook.com\/mapasacademicos.page\/\" \/>\n<meta property=\"article:modified_time\" content=\"2016-11-29T18:40:11+00:00\" \/>\n<meta property=\"og:image\" content=\"https:\/\/mapasacademicos.com.br\/site\/wp-content\/uploads\/2017\/05\/noticias_evento_geo.jpg\" \/>\n\t<meta property=\"og:image:width\" content=\"409\" \/>\n\t<meta property=\"og:image:height\" content=\"273\" \/>\n\t<meta property=\"og:image:type\" content=\"image\/jpeg\" \/>\n<meta name=\"twitter:card\" content=\"summary_large_image\" \/>\n<meta name=\"twitter:label1\" content=\"Est. tempo de leitura\" \/>\n\t<meta name=\"twitter:data1\" content=\"4 minutos\" \/>\n<script type=\"application\/ld+json\" class=\"yoast-schema-graph\">{\"@context\":\"https:\\\/\\\/schema.org\",\"@graph\":[{\"@type\":\"WebPage\",\"@id\":\"https:\\\/\\\/mapasacademicos.com.br\\\/site\\\/termos-condicoes\\\/\",\"url\":\"https:\\\/\\\/mapasacademicos.com.br\\\/site\\\/termos-condicoes\\\/\",\"name\":\"Termos & Condi\u00e7\u00f5es de Presta\u00e7\u00e3o de Servi\u00e7os | Mapas Acad\u00eamicos\",\"isPartOf\":{\"@id\":\"https:\\\/\\\/mapasacademicos.com.br\\\/site\\\/#website\"},\"datePublished\":\"2016-11-23T02:10:09+00:00\",\"dateModified\":\"2016-11-29T18:40:11+00:00\",\"breadcrumb\":{\"@id\":\"https:\\\/\\\/mapasacademicos.com.br\\\/site\\\/termos-condicoes\\\/#breadcrumb\"},\"inLanguage\":\"pt-BR\",\"potentialAction\":[{\"@type\":\"ReadAction\",\"target\":[\"https:\\\/\\\/mapasacademicos.com.br\\\/site\\\/termos-condicoes\\\/\"]}]},{\"@type\":\"BreadcrumbList\",\"@id\":\"https:\\\/\\\/mapasacademicos.com.br\\\/site\\\/termos-condicoes\\\/#breadcrumb\",\"itemListElement\":[{\"@type\":\"ListItem\",\"position\":1,\"name\":\"Home\",\"item\":\"https:\\\/\\\/mapasacademicos.com.br\\\/site\\\/\"},{\"@type\":\"ListItem\",\"position\":2,\"name\":\"Termos &#038; Condi\u00e7\u00f5es de Presta\u00e7\u00e3o de Servi\u00e7os\"}]},{\"@type\":\"WebSite\",\"@id\":\"https:\\\/\\\/mapasacademicos.com.br\\\/site\\\/#website\",\"url\":\"https:\\\/\\\/mapasacademicos.com.br\\\/site\\\/\",\"name\":\"Mapas Acad\u00eamicos\",\"description\":\"Divulgando conhecimento geogr\u00e1fico\",\"publisher\":{\"@id\":\"https:\\\/\\\/mapasacademicos.com.br\\\/site\\\/#organization\"},\"potentialAction\":[{\"@type\":\"SearchAction\",\"target\":{\"@type\":\"EntryPoint\",\"urlTemplate\":\"https:\\\/\\\/mapasacademicos.com.br\\\/site\\\/?s={search_term_string}\"},\"query-input\":{\"@type\":\"PropertyValueSpecification\",\"valueRequired\":true,\"valueName\":\"search_term_string\"}}],\"inLanguage\":\"pt-BR\"},{\"@type\":\"Organization\",\"@id\":\"https:\\\/\\\/mapasacademicos.com.br\\\/site\\\/#organization\",\"name\":\"Mapas Acad\u00eamicos\",\"url\":\"https:\\\/\\\/mapasacademicos.com.br\\\/site\\\/\",\"logo\":{\"@type\":\"ImageObject\",\"inLanguage\":\"pt-BR\",\"@id\":\"https:\\\/\\\/mapasacademicos.com.br\\\/site\\\/#\\\/schema\\\/logo\\\/image\\\/\",\"url\":\"https:\\\/\\\/mapasacademicos.com.br\\\/site\\\/wp-content\\\/uploads\\\/2019\\\/01\\\/logo_site.png\",\"contentUrl\":\"https:\\\/\\\/mapasacademicos.com.br\\\/site\\\/wp-content\\\/uploads\\\/2019\\\/01\\\/logo_site.png\",\"width\":350,\"height\":70,\"caption\":\"Mapas Acad\u00eamicos\"},\"image\":{\"@id\":\"https:\\\/\\\/mapasacademicos.com.br\\\/site\\\/#\\\/schema\\\/logo\\\/image\\\/\"},\"sameAs\":[\"https:\\\/\\\/www.facebook.com\\\/mapasacademicos.page\\\/\"]}]}<\/script>\n<!-- \/ Yoast SEO plugin. -->","yoast_head_json":{"title":"Termos & Condi\u00e7\u00f5es de Presta\u00e7\u00e3o de Servi\u00e7os | Mapas Acad\u00eamicos","robots":{"index":"index","follow":"follow","max-snippet":"max-snippet:-1","max-image-preview":"max-image-preview:large","max-video-preview":"max-video-preview:-1"},"canonical":"https:\/\/mapasacademicos.com.br\/site\/termos-condicoes\/","og_locale":"pt_BR","og_type":"article","og_title":"Termos & Condi\u00e7\u00f5es de Presta\u00e7\u00e3o de Servi\u00e7os | Mapas Acad\u00eamicos","og_description":"TERMOS E CONDI\u00c7\u00d5ES DE PRESTA\u00c7\u00d5ES DE SERVI\u00c7OS CARTOGR\u00c1FICOS E\u00a0DE GEOPROCESSAMENTO (MAPAS ACAD\u00caMICOS \u2013 CONSULTORIA EM GEOINFORMA\u00c7\u00c3O) Ao aceitar os termos contidos neste documento, voc\u00ea est\u00e1 ciente e integralmente de acordo com todas as regras descritas a seguir, aplic\u00e1veis a toda a sua navega\u00e7\u00e3o e a todos os servi\u00e7os cartogr\u00e1ficos e de geoprocessamento que voc\u00ea venha [&hellip;]","og_url":"https:\/\/mapasacademicos.com.br\/site\/termos-condicoes\/","og_site_name":"Mapas Acad\u00eamicos","article_publisher":"https:\/\/www.facebook.com\/mapasacademicos.page\/","article_modified_time":"2016-11-29T18:40:11+00:00","og_image":[{"width":409,"height":273,"url":"https:\/\/mapasacademicos.com.br\/site\/wp-content\/uploads\/2017\/05\/noticias_evento_geo.jpg","type":"image\/jpeg"}],"twitter_card":"summary_large_image","twitter_misc":{"Est. tempo de leitura":"4 minutos"},"schema":{"@context":"https:\/\/schema.org","@graph":[{"@type":"WebPage","@id":"https:\/\/mapasacademicos.com.br\/site\/termos-condicoes\/","url":"https:\/\/mapasacademicos.com.br\/site\/termos-condicoes\/","name":"Termos & Condi\u00e7\u00f5es de Presta\u00e7\u00e3o de Servi\u00e7os | Mapas Acad\u00eamicos","isPartOf":{"@id":"https:\/\/mapasacademicos.com.br\/site\/#website"},"datePublished":"2016-11-23T02:10:09+00:00","dateModified":"2016-11-29T18:40:11+00:00","breadcrumb":{"@id":"https:\/\/mapasacademicos.com.br\/site\/termos-condicoes\/#breadcrumb"},"inLanguage":"pt-BR","potentialAction":[{"@type":"ReadAction","target":["https:\/\/mapasacademicos.com.br\/site\/termos-condicoes\/"]}]},{"@type":"BreadcrumbList","@id":"https:\/\/mapasacademicos.com.br\/site\/termos-condicoes\/#breadcrumb","itemListElement":[{"@type":"ListItem","position":1,"name":"Home","item":"https:\/\/mapasacademicos.com.br\/site\/"},{"@type":"ListItem","position":2,"name":"Termos &#038; Condi\u00e7\u00f5es de Presta\u00e7\u00e3o de Servi\u00e7os"}]},{"@type":"WebSite","@id":"https:\/\/mapasacademicos.com.br\/site\/#website","url":"https:\/\/mapasacademicos.com.br\/site\/","name":"Mapas Acad\u00eamicos","description":"Divulgando conhecimento geogr\u00e1fico","publisher":{"@id":"https:\/\/mapasacademicos.com.br\/site\/#organization"},"potentialAction":[{"@type":"SearchAction","target":{"@type":"EntryPoint","urlTemplate":"https:\/\/mapasacademicos.com.br\/site\/?s={search_term_string}"},"query-input":{"@type":"PropertyValueSpecification","valueRequired":true,"valueName":"search_term_string"}}],"inLanguage":"pt-BR"},{"@type":"Organization","@id":"https:\/\/mapasacademicos.com.br\/site\/#organization","name":"Mapas Acad\u00eamicos","url":"https:\/\/mapasacademicos.com.br\/site\/","logo":{"@type":"ImageObject","inLanguage":"pt-BR","@id":"https:\/\/mapasacademicos.com.br\/site\/#\/schema\/logo\/image\/","url":"https:\/\/mapasacademicos.com.br\/site\/wp-content\/uploads\/2019\/01\/logo_site.png","contentUrl":"https:\/\/mapasacademicos.com.br\/site\/wp-content\/uploads\/2019\/01\/logo_site.png","width":350,"height":70,"caption":"Mapas Acad\u00eamicos"},"image":{"@id":"https:\/\/mapasacademicos.com.br\/site\/#\/schema\/logo\/image\/"},"sameAs":["https:\/\/www.facebook.com\/mapasacademicos.page\/"]}]}},"jetpack_sharing_enabled":true,"amp_enabled":true,"_links":{"self":[{"href":"https:\/\/mapasacademicos.com.br\/site\/wp-json\/wp\/v2\/pages\/146","targetHints":{"allow":["GET"]}}],"collection":[{"href":"https:\/\/mapasacademicos.com.br\/site\/wp-json\/wp\/v2\/pages"}],"about":[{"href":"https:\/\/mapasacademicos.com.br\/site\/wp-json\/wp\/v2\/types\/page"}],"author":[{"embeddable":true,"href":"https:\/\/mapasacademicos.com.br\/site\/wp-json\/wp\/v2\/users\/1"}],"replies":[{"embeddable":true,"href":"https:\/\/mapasacademicos.com.br\/site\/wp-json\/wp\/v2\/comments?post=146"}],"version-history":[{"count":0,"href":"https:\/\/mapasacademicos.com.br\/site\/wp-json\/wp\/v2\/pages\/146\/revisions"}],"wp:attachment":[{"href":"https:\/\/mapasacademicos.com.br\/site\/wp-json\/wp\/v2\/media?parent=146"}],"curies":[{"name":"wp","href":"https:\/\/api.w.org\/{rel}","templated":true}]}}